{"id":615,"date":"2020-12-19T09:57:20","date_gmt":"2020-12-19T09:57:20","guid":{"rendered":"http:\/\/www.rearentacar.com\/assurances-tous-risques\/"},"modified":"2024-05-16T18:24:08","modified_gmt":"2024-05-16T18:24:08","slug":"assurance-confort","status":"publish","type":"page","link":"https:\/\/misterscooter.eu\/fr\/assurance-confort\/","title":{"rendered":"Assurance confort"},"content":{"rendered":"\t\t<div data-elementor-type=\"wp-page\" data-elementor-id=\"615\" class=\"elementor elementor-615 elementor-119\">\n\t\t\t\t\t\t<section class=\"elementor-section elementor-top-section elementor-element elementor-element-2eaea23 elementor-section-boxed elementor-section-height-default elementor-section-height-default\" data-id=\"2eaea23\" data-element_type=\"section\">\n\t\t\t\t\t\t<div class=\"elementor-container elementor-column-gap-default\">\n\t\t\t\t\t<div class=\"elementor-column elementor-col-100 elementor-top-column elementor-element elementor-element-8e65257\" data-id=\"8e65257\" data-element_type=\"column\">\n\t\t\t<div class=\"elementor-widget-wrap elementor-element-populated\">\n\t\t\t\t\t\t<div class=\"elementor-element elementor-element-2adfaf1 elementor-widget elementor-widget-heading\" data-id=\"2adfaf1\" data-element_type=\"widget\" data-widget_type=\"heading.default\">\n\t\t\t\t<div class=\"elementor-widget-container\">\n\t\t\t\t\t<h2 class=\"elementor-heading-title elementor-size-default\">Assurance tous risques du scooter<\/h2>\t\t\t\t<\/div>\n\t\t\t\t<\/div>\n\t\t\t\t\t<\/div>\n\t\t<\/div>\n\t\t\t\t\t<\/div>\n\t\t<\/section>\n\t\t\t\t<section class=\"elementor-section elementor-top-section elementor-element elementor-element-87534d9 elementor-section-boxed elementor-section-height-default elementor-section-height-default\" data-id=\"87534d9\" data-element_type=\"section\">\n\t\t\t\t\t\t<div class=\"elementor-container elementor-column-gap-default\">\n\t\t\t\t\t<div class=\"elementor-column elementor-col-100 elementor-top-column elementor-element elementor-element-30ca56c\" data-id=\"30ca56c\" data-element_type=\"column\">\n\t\t\t<div class=\"elementor-widget-wrap elementor-element-populated\">\n\t\t\t\t\t\t<div class=\"elementor-element elementor-element-b2a3e36 elementor-widget elementor-widget-text-editor\" data-id=\"b2a3e36\" data-element_type=\"widget\" data-widget_type=\"text-editor.default\">\n\t\t\t\t<div class=\"elementor-widget-container\">\n\t\t\t\t\t\t\t\t\t<p><strong>Mister Scooter<\/strong> nous vous proposons en option la meilleure assurance avec r\u00e9duction de franchise pour le scooter 125cc \u00e0 Majorque, nous vous proposons deux options d&rsquo;assurance, l&rsquo;obligatoire qui est une assurance au tiers et l&rsquo;assurance compl\u00e9mentaire facultative pour seulement 10 \u20ac\/jour avec une franchise jusqu&rsquo;\u00e0 \u00e0 200 \u20ac en cas d&rsquo;avarie uniquement pour les scooters 125cc pour que vos vacances soient les plus agr\u00e9ables et que vous puissiez circuler sereinement en toute libert\u00e9.<br \/><br \/>N&rsquo;oubliez pas que automatiquement lorsque vous r\u00e9servez votre location de moto avec Mister Scooter vous disposez d&rsquo;une assurance responsabilit\u00e9 civile incluse dans votre r\u00e9servation, en plus de tous les accessoires gratuits tels que les deux casques, le coffre, l&rsquo;antivol de guidon haute s\u00e9curit\u00e9, emp\u00eachant tout vol.<\/p>\t\t\t\t\t\t\t\t<\/div>\n\t\t\t\t<\/div>\n\t\t\t\t<div class=\"elementor-element elementor-element-82ebefb elementor-widget-divider--view-line elementor-widget elementor-widget-divider\" data-id=\"82ebefb\" data-element_type=\"widget\" data-widget_type=\"divider.default\">\n\t\t\t\t<div class=\"elementor-widget-container\">\n\t\t\t\t\t\t\t<div class=\"elementor-divider\">\n\t\t\t<span class=\"elementor-divider-separator\">\n\t\t\t\t\t\t<\/span>\n\t\t<\/div>\n\t\t\t\t\t\t<\/div>\n\t\t\t\t<\/div>\n\t\t\t\t\t<\/div>\n\t\t<\/div>\n\t\t\t\t\t<\/div>\n\t\t<\/section>\n\t\t\t\t<section class=\"elementor-section elementor-top-section elementor-element elementor-element-cc7ae42 elementor-section-boxed elementor-section-height-default elementor-section-height-default\" data-id=\"cc7ae42\" data-element_type=\"section\">\n\t\t\t\t\t\t<div class=\"elementor-container elementor-column-gap-default\">\n\t\t\t\t\t<div class=\"elementor-column elementor-col-50 elementor-top-column elementor-element elementor-element-ba0fe41\" data-id=\"ba0fe41\" data-element_type=\"column\">\n\t\t\t<div class=\"elementor-widget-wrap elementor-element-populated\">\n\t\t\t\t\t\t<div class=\"elementor-element elementor-element-1431014 elementor-widget elementor-widget-heading\" data-id=\"1431014\" data-element_type=\"widget\" data-widget_type=\"heading.default\">\n\t\t\t\t<div class=\"elementor-widget-container\">\n\t\t\t\t\t<h4 class=\"elementor-heading-title elementor-size-default\">Assurance COMFORT - 10\u20ac\/jour<\/h4>\t\t\t\t<\/div>\n\t\t\t\t<\/div>\n\t\t\t\t<div class=\"elementor-element elementor-element-22ab0b7 elementor-icon-list--layout-traditional elementor-list-item-link-full_width elementor-widget elementor-widget-icon-list\" data-id=\"22ab0b7\" data-element_type=\"widget\" data-widget_type=\"icon-list.default\">\n\t\t\t\t<div class=\"elementor-widget-container\">\n\t\t\t\t\t\t\t<ul class=\"elementor-icon-list-items\">\n\t\t\t\t\t\t\t<li class=\"elementor-icon-list-item\">\n\t\t\t\t\t\t\t\t\t\t\t<span class=\"elementor-icon-list-icon\">\n\t\t\t\t\t\t\t<i aria-hidden=\"true\" class=\"far fa-edit\"><\/i>\t\t\t\t\t\t<\/span>\n\t\t\t\t\t\t\t\t\t\t<span class=\"elementor-icon-list-text\">Assurance CONFORT avec r\u00e9duction de franchise jusqu'\u00e0 maximum 200\u20ac en cas de dommages ou accidents<\/span>\n\t\t\t\t\t\t\t\t\t<\/li>\n\t\t\t\t\t\t\t\t<li class=\"elementor-icon-list-item\">\n\t\t\t\t\t\t\t\t\t\t\t<span class=\"elementor-icon-list-icon\">\n\t\t\t\t\t\t\t<i aria-hidden=\"true\" class=\"fas fa-compact-disc\"><\/i>\t\t\t\t\t\t<\/span>\n\t\t\t\t\t\t\t\t\t\t<span class=\"elementor-icon-list-text\">Crevaison (assistance routi\u00e8re et r\u00e9paration gratuite)<\/span>\n\t\t\t\t\t\t\t\t\t<\/li>\n\t\t\t\t\t\t\t\t<li class=\"elementor-icon-list-item\">\n\t\t\t\t\t\t\t\t\t\t\t<span class=\"elementor-icon-list-icon\">\n\t\t\t\t\t\t\t<i aria-hidden=\"true\" class=\"fas fa-check\"><\/i>\t\t\t\t\t\t<\/span>\n\t\t\t\t\t\t\t\t\t\t<span class=\"elementor-icon-list-text\">Caution 200\u20ac par carte bancaire visa\/Mastercard<\/span>\n\t\t\t\t\t\t\t\t\t<\/li>\n\t\t\t\t\t\t\t\t<li class=\"elementor-icon-list-item\">\n\t\t\t\t\t\t\t\t\t\t<span class=\"elementor-icon-list-text\"><\/span>\n\t\t\t\t\t\t\t\t\t<\/li>\n\t\t\t\t\t\t<\/ul>\n\t\t\t\t\t\t<\/div>\n\t\t\t\t<\/div>\n\t\t\t\t\t<\/div>\n\t\t<\/div>\n\t\t\t\t<div class=\"elementor-column elementor-col-50 elementor-top-column elementor-element elementor-element-e3e371e\" data-id=\"e3e371e\" data-element_type=\"column\">\n\t\t\t<div class=\"elementor-widget-wrap elementor-element-populated\">\n\t\t\t\t\t\t<div class=\"elementor-element elementor-element-28d2211 elementor-widget elementor-widget-heading\" data-id=\"28d2211\" data-element_type=\"widget\" data-widget_type=\"heading.default\">\n\t\t\t\t<div class=\"elementor-widget-container\">\n\t\t\t\t\t<h4 class=\"elementor-heading-title elementor-size-default\">Assurance COMFORT R\u00e9duction de franchise<\/h4>\t\t\t\t<\/div>\n\t\t\t\t<\/div>\n\t\t\t\t<div class=\"elementor-element elementor-element-cb75335 elementor-icon-list--layout-traditional elementor-list-item-link-full_width elementor-widget elementor-widget-icon-list\" data-id=\"cb75335\" data-element_type=\"widget\" data-widget_type=\"icon-list.default\">\n\t\t\t\t<div class=\"elementor-widget-container\">\n\t\t\t\t\t\t\t<ul class=\"elementor-icon-list-items\">\n\t\t\t\t\t\t\t<li class=\"elementor-icon-list-item\">\n\t\t\t\t\t\t\t\t\t\t\t<span class=\"elementor-icon-list-icon\">\n\t\t\t\t\t\t\t<i aria-hidden=\"true\" class=\"far fa-edit\"><\/i>\t\t\t\t\t\t<\/span>\n\t\t\t\t\t\t\t\t\t\t<span class=\"elementor-icon-list-text\">La meilleure option disponible depuis notre site de r\u00e9servation<\/span>\n\t\t\t\t\t\t\t\t\t<\/li>\n\t\t\t\t\t\t<\/ul>\n\t\t\t\t\t\t<\/div>\n\t\t\t\t<\/div>\n\t\t\t\t\t<\/div>\n\t\t<\/div>\n\t\t\t\t\t<\/div>\n\t\t<\/section>\n\t\t\t\t<section class=\"elementor-section elementor-top-section elementor-element elementor-element-5e9859a elementor-section-boxed elementor-section-height-default elementor-section-height-default\" data-id=\"5e9859a\" data-element_type=\"section\">\n\t\t\t\t\t\t<div class=\"elementor-container elementor-column-gap-default\">\n\t\t\t\t\t<div class=\"elementor-column elementor-col-100 elementor-top-column elementor-element elementor-element-246c133\" data-id=\"246c133\" data-element_type=\"column\">\n\t\t\t<div class=\"elementor-widget-wrap elementor-element-populated\">\n\t\t\t\t\t\t<div class=\"elementor-element elementor-element-da701d4 elementor-widget elementor-widget-image\" data-id=\"da701d4\" data-element_type=\"widget\" data-widget_type=\"image.default\">\n\t\t\t\t<div class=\"elementor-widget-container\">\n\t\t\t\t\t\t\t\t\t\t\t\t\t\t\t<img fetchpriority=\"high\" decoding=\"async\" width=\"640\" height=\"480\" src=\"https:\/\/misterscooter.eu\/wp-content\/uploads\/2021\/12\/seguro-a-todo-riesgo-768x576.jpg\" class=\"attachment-medium_large size-medium_large wp-image-2440\" alt=\"Assurance tous risques\" srcset=\"https:\/\/misterscooter.eu\/wp-content\/uploads\/2021\/12\/seguro-a-todo-riesgo-768x576.jpg 768w, https:\/\/misterscooter.eu\/wp-content\/uploads\/2021\/12\/seguro-a-todo-riesgo-300x225.jpg 300w, https:\/\/misterscooter.eu\/wp-content\/uploads\/2021\/12\/seguro-a-todo-riesgo-1024x768.jpg 1024w, https:\/\/misterscooter.eu\/wp-content\/uploads\/2021\/12\/seguro-a-todo-riesgo.jpg 1280w\" sizes=\"(max-width: 640px) 100vw, 640px\" \/>\t\t\t\t\t\t\t\t\t\t\t\t\t\t\t<\/div>\n\t\t\t\t<\/div>\n\t\t\t\t\t<\/div>\n\t\t<\/div>\n\t\t\t\t\t<\/div>\n\t\t<\/section>\n\t\t\t\t<\/div>\n\t\t","protected":false},"excerpt":{"rendered":"<p>Assurance tous risques du scooter Mister Scooter nous vous proposons en option la meilleure assurance avec r\u00e9duction de franchise pour le scooter 125cc \u00e0 Majorque, nous vous proposons deux options d&rsquo;assurance, l&rsquo;obligatoire qui est une assurance au tiers et l&rsquo;assurance compl\u00e9mentaire facultative pour seulement 10 \u20ac\/jour avec une franchise jusqu&rsquo;\u00e0 \u00e0 200 \u20ac en cas<\/p>\n","protected":false},"author":1,"featured_media":0,"parent":0,"menu_order":0,"comment_status":"closed","ping_status":"closed","template":"","meta":{"_joinchat":[],"footnotes":""},"class_list":["post-615","page","type-page","status-publish","hentry"],"_links":{"self":[{"href":"https:\/\/misterscooter.eu\/fr\/wp-json\/wp\/v2\/pages\/615","targetHints":{"allow":["GET"]}}],"collection":[{"href":"https:\/\/misterscooter.eu\/fr\/wp-json\/wp\/v2\/pages"}],"about":[{"href":"https:\/\/misterscooter.eu\/fr\/wp-json\/wp\/v2\/types\/page"}],"author":[{"embeddable":true,"href":"https:\/\/misterscooter.eu\/fr\/wp-json\/wp\/v2\/users\/1"}],"replies":[{"embeddable":true,"href":"https:\/\/misterscooter.eu\/fr\/wp-json\/wp\/v2\/comments?post=615"}],"version-history":[{"count":70,"href":"https:\/\/misterscooter.eu\/fr\/wp-json\/wp\/v2\/pages\/615\/revisions"}],"predecessor-version":[{"id":7304,"href":"https:\/\/misterscooter.eu\/fr\/wp-json\/wp\/v2\/pages\/615\/revisions\/7304"}],"wp:attachment":[{"href":"https:\/\/misterscooter.eu\/fr\/wp-json\/wp\/v2\/media?parent=615"}],"curies":[{"name":"wp","href":"https:\/\/api.w.org\/{rel}","templated":true}]}}