{"id":1275,"date":"2020-12-31T09:43:44","date_gmt":"2020-12-31T09:43:44","guid":{"rendered":"https:\/\/misterscooter.eu\/location-de-scooters-a-majorque\/"},"modified":"2023-08-01T07:24:51","modified_gmt":"2023-08-01T07:24:51","slug":"location-de-scooters-a-domicile","status":"publish","type":"page","link":"https:\/\/misterscooter.eu\/fr\/location-de-scooters-a-domicile\/","title":{"rendered":"Livraison de scooters \u00e0 domicile"},"content":{"rendered":"\t\t<div data-elementor-type=\"wp-page\" data-elementor-id=\"1275\" class=\"elementor elementor-1275 elementor-132\">\n\t\t\t\t\t\t<section class=\"elementor-section elementor-top-section elementor-element elementor-element-35e17da elementor-section-height-min-height elementor-section-stretched elementor-section-boxed elementor-section-height-default elementor-section-items-middle\" data-id=\"35e17da\" data-element_type=\"section\" data-settings=\"{&quot;stretch_section&quot;:&quot;section-stretched&quot;,&quot;background_background&quot;:&quot;classic&quot;}\">\n\t\t\t\t\t\t\t<div class=\"elementor-background-overlay\"><\/div>\n\t\t\t\t\t\t\t<div class=\"elementor-container elementor-column-gap-default\">\n\t\t\t\t\t<div class=\"elementor-column elementor-col-100 elementor-top-column elementor-element elementor-element-26e5483\" data-id=\"26e5483\" data-element_type=\"column\">\n\t\t\t<div class=\"elementor-widget-wrap elementor-element-populated\">\n\t\t\t\t\t\t<div class=\"elementor-element elementor-element-c18cdb9 elementor-widget elementor-widget-heading\" data-id=\"c18cdb9\" data-element_type=\"widget\" data-widget_type=\"heading.default\">\n\t\t\t\t<div class=\"elementor-widget-container\">\n\t\t\t\t\t<h1 class=\"elementor-heading-title elementor-size-default\">Livraison de scooters \u00e1 domicile.<\/h1>\t\t\t\t<\/div>\n\t\t\t\t<\/div>\n\t\t\t\t<div class=\"elementor-element elementor-element-7bc56a0 elementor-widget-divider--view-line elementor-widget elementor-widget-divider\" data-id=\"7bc56a0\" data-element_type=\"widget\" data-widget_type=\"divider.default\">\n\t\t\t\t<div class=\"elementor-widget-container\">\n\t\t\t\t\t\t\t<div class=\"elementor-divider\">\n\t\t\t<span class=\"elementor-divider-separator\">\n\t\t\t\t\t\t<\/span>\n\t\t<\/div>\n\t\t\t\t\t\t<\/div>\n\t\t\t\t<\/div>\n\t\t\t\t\t<\/div>\n\t\t<\/div>\n\t\t\t\t\t<\/div>\n\t\t<\/section>\n\t\t\t\t<section class=\"elementor-section elementor-top-section elementor-element elementor-element-81579b7 elementor-section-stretched elementor-section-boxed elementor-section-height-default elementor-section-height-default\" data-id=\"81579b7\" data-element_type=\"section\" data-settings=\"{&quot;stretch_section&quot;:&quot;section-stretched&quot;}\">\n\t\t\t\t\t\t<div class=\"elementor-container elementor-column-gap-default\">\n\t\t\t\t\t<div class=\"elementor-column elementor-col-100 elementor-top-column elementor-element elementor-element-066e70d\" data-id=\"066e70d\" data-element_type=\"column\">\n\t\t\t<div class=\"elementor-widget-wrap elementor-element-populated\">\n\t\t\t\t\t\t<section class=\"elementor-section elementor-inner-section elementor-element elementor-element-c154922 elementor-section-boxed elementor-section-height-default elementor-section-height-default elementor-invisible\" data-id=\"c154922\" data-element_type=\"section\" data-settings=\"{&quot;animation&quot;:&quot;zoomIn&quot;}\">\n\t\t\t\t\t\t<div class=\"elementor-container elementor-column-gap-default\">\n\t\t\t\t\t<div class=\"elementor-column elementor-col-25 elementor-inner-column elementor-element elementor-element-455f7c2\" data-id=\"455f7c2\" data-element_type=\"column\" data-settings=\"{&quot;background_background&quot;:&quot;classic&quot;}\">\n\t\t\t<div class=\"elementor-widget-wrap elementor-element-populated\">\n\t\t\t\t\t\t<div class=\"elementor-element elementor-element-5fe869b elementor-widget elementor-widget-heading\" data-id=\"5fe869b\" data-element_type=\"widget\" data-widget_type=\"heading.default\">\n\t\t\t\t<div class=\"elementor-widget-container\">\n\t\t\t\t\t<h2 class=\"elementor-heading-title elementor-size-default\">Livraison de scooter \u00e0 domicile<\/h2>\t\t\t\t<\/div>\n\t\t\t\t<\/div>\n\t\t\t\t<div class=\"elementor-element elementor-element-41fd112 elementor-widget elementor-widget-text-editor\" data-id=\"41fd112\" data-element_type=\"widget\" data-widget_type=\"text-editor.default\">\n\t\t\t\t<div class=\"elementor-widget-container\">\n\t\t\t\t\t\t\t\t\t<p>Un excellent service pour profiter au mieux de vos vacances \u00e0 Majorque !<\/p>\n<p>Vous voyagez \u00e0 Majorque, arrivez tard et avez beaucoup de bagages, chez Mister Scooter nous proposons un service de livraison de votre scooter \u00e0 la porte de votre h\u00f4tel, a\u00e9roport, au port de palma ou \u00e1 domicile.<\/p>\n<p><b>Louez un scooter \u00e0 Palma de Majorque<\/b> avec Mister Scooter, l&rsquo;entreprise avec le plus d&rsquo;avantages et les meilleurs tarifs depuis<span style=\"text-decoration: underline;\"><span style=\"color: #ffffff;\"> <a style=\"color: #ffffff; text-decoration: underline;\" href=\"https:\/\/misterscooter.eu\/fr\/\">notre formulaire de r\u00e9servations<\/a><\/span><\/span>.<\/p>\n\t\t\t\t\t\t\t\t<\/div>\n\t\t\t\t<\/div>\n\t\t\t\t\t<\/div>\n\t\t<\/div>\n\t\t\t\t<div class=\"elementor-column elementor-col-25 elementor-inner-column elementor-element elementor-element-812fb64\" data-id=\"812fb64\" data-element_type=\"column\" data-settings=\"{&quot;background_background&quot;:&quot;classic&quot;}\">\n\t\t\t<div class=\"elementor-widget-wrap elementor-element-populated\">\n\t\t\t\t\t\t<div class=\"elementor-element elementor-element-a647af6 elementor-widget elementor-widget-heading\" data-id=\"a647af6\" data-element_type=\"widget\" data-widget_type=\"heading.default\">\n\t\t\t\t<div class=\"elementor-widget-container\">\n\t\t\t\t\t<h2 class=\"elementor-heading-title elementor-size-default\">Livraison \u00e0 domicile. H\u00f4tels. A\u00e9roport. Port maritime<\/h2>\t\t\t\t<\/div>\n\t\t\t\t<\/div>\n\t\t\t\t<div class=\"elementor-element elementor-element-421973e elementor-widget elementor-widget-text-editor\" data-id=\"421973e\" data-element_type=\"widget\" data-widget_type=\"text-editor.default\">\n\t\t\t\t<div class=\"elementor-widget-container\">\n\t\t\t\t\t\t\t\t\t<ul>\n<li>Hotels<\/li>\n<li>A\u00e9roport<\/li>\n<li>Port maritime de Palma<\/li>\n<li>\u00e1 domicile:<\/li>\n<li>Palma de Mallorca<\/li>\n<li>Llucmajor<\/li>\n<li>El Arenal, Can Pastilla<\/li>\n<li>Palmanova, Magaluf<\/li>\n<li>Santa ponsa, Paguera<\/li>\n<li>Port Andratx&#8230;<\/li>\n<\/ul>\n<p>Depuis notre module de r\u00e9servations, retrouvez tous nos services disponibles comme le transfert gratuit depuis l&rsquo;a\u00e9roport jusqu&rsquo;\u00e0 <span style=\"text-decoration: underline;\"><span style=\"color: #ffffff; text-decoration: underline;\"><a style=\"color: #ffffff; text-decoration: underline;\" href=\"https:\/\/www.google.es\/maps\/place\/Mister+scooter.+Alquiler+de+Motos+en+Mallorca\/@39.5713109,2.6721841,15z\/data=!4m5!3m4!1s0x0:0xe61a3903505e149!8m2!3d39.5713109!4d2.6721841\" target=\"_blank\" rel=\"noopener\">notre agence la plus proche<\/a><\/span><\/span> ou la livraison de votre scooter \u00e0 <span style=\"text-decoration: underline;\"><span style=\"color: #ffffff; text-decoration: underline;\"><a style=\"color: #ffffff; text-decoration: underline;\" href=\"https:\/\/www.google.com\/maps\/place\/Mister+Scooter+Alquiler+Motos+Aeropuerto+Mallorca\/@39.5462313,2.7264729,17z\/data=!3m1!4b1!4m5!3m4!1s0x0:0xabb51ab00cbcbe1b!8m2!3d39.5462313!4d2.7286616?hl=es\" target=\"_blank\" rel=\"noopener\">l&rsquo;a\u00e9roport de Son Sant Joan<\/a><\/span><\/span>.<\/p>\n\t\t\t\t\t\t\t\t<\/div>\n\t\t\t\t<\/div>\n\t\t\t\t\t<\/div>\n\t\t<\/div>\n\t\t\t\t<div class=\"elementor-column elementor-col-25 elementor-inner-column elementor-element elementor-element-f0f6ef1\" data-id=\"f0f6ef1\" data-element_type=\"column\" data-settings=\"{&quot;background_background&quot;:&quot;classic&quot;}\">\n\t\t\t<div class=\"elementor-widget-wrap elementor-element-populated\">\n\t\t\t\t\t\t<div class=\"elementor-element elementor-element-b3c3ca1 elementor-widget elementor-widget-heading\" data-id=\"b3c3ca1\" data-element_type=\"widget\" data-widget_type=\"heading.default\">\n\t\t\t\t<div class=\"elementor-widget-container\">\n\t\t\t\t\t<h2 class=\"elementor-heading-title elementor-size-default\">Comment solliciter la livraison du scooter ?<\/h2>\t\t\t\t<\/div>\n\t\t\t\t<\/div>\n\t\t\t\t<div class=\"elementor-element elementor-element-8ce26b0 elementor-widget elementor-widget-text-editor\" data-id=\"8ce26b0\" data-element_type=\"widget\" data-widget_type=\"text-editor.default\">\n\t\t\t\t<div class=\"elementor-widget-container\">\n\t\t\t\t\t\t\t\t\t<p>Livraison de scooter \u00e0 domicile, a\u00e9roport, au port ou \u00e1 votre h\u00f4tel sur demande du client.<\/p>\n<p>Depuis notre formulaire de r\u00e9servation, choisissez l&rsquo;option \u00ab\u00a0livraison \u00e0 domicile\u00a0\u00bb et indiquez en commentaire l&rsquo;adresse exacte du lieu de livraison avec toutes les informations (nom de l&rsquo;h\u00f4tel, rue, code postal, ville).<\/p>\n<p>M\u00eame si vous arrivez ou repartez en dehors de nos horaires d&rsquo;ouverture, ne vous inqui\u00e9tez pas pour la livraison et la collecte de votre scooter, l&rsquo;option de livraison reste disponible 24h\/24 et 7j\/7.<\/p>\n\t\t\t\t\t\t\t\t<\/div>\n\t\t\t\t<\/div>\n\t\t\t\t\t<\/div>\n\t\t<\/div>\n\t\t\t\t<div class=\"elementor-column elementor-col-25 elementor-inner-column elementor-element elementor-element-d1085c2\" data-id=\"d1085c2\" data-element_type=\"column\" data-settings=\"{&quot;background_background&quot;:&quot;classic&quot;}\">\n\t\t\t<div class=\"elementor-widget-wrap elementor-element-populated\">\n\t\t\t\t\t\t<div class=\"elementor-element elementor-element-c2822b2 elementor-widget elementor-widget-heading\" data-id=\"c2822b2\" data-element_type=\"widget\" data-widget_type=\"heading.default\">\n\t\t\t\t<div class=\"elementor-widget-container\">\n\t\t\t\t\t<h2 class=\"elementor-heading-title elementor-size-default\">Agences Mister Scooter<\/h2>\t\t\t\t<\/div>\n\t\t\t\t<\/div>\n\t\t\t\t<div class=\"elementor-element elementor-element-41eb3c7 elementor-widget elementor-widget-text-editor\" data-id=\"41eb3c7\" data-element_type=\"widget\" data-widget_type=\"text-editor.default\">\n\t\t\t\t<div class=\"elementor-widget-container\">\n\t\t\t\t\t\t\t\t\t<p>Les deux agences Mister Scooter se trouvent \u00e0 Palma de Majorque.<\/p>\n<p>L&rsquo;agence proche de l&rsquo;a\u00e9roport <span style=\"text-decoration: underline;\"><span style=\"color: #ffffff; text-decoration: underline;\"><a style=\"color: #ffffff; text-decoration: underline;\" href=\"https:\/\/www.google.es\/maps\/place\/Mister+scooter.+Alquiler+de+Motos+en+Mallorca\/@39.5713109,2.6721841,15z\/data=!4m5!3m4!1s0x0:0xe61a3903505e149!8m2!3d39.5713109!4d2.6721841\" target=\"_blank\" rel=\"noopener\">Calle de Manacor 123<\/a><\/span><\/span>, afin de faciliter les transferts pour tous les clients qui choisiront l&rsquo;option de navette gratuite depuis l&rsquo;a\u00e9roport avec un temps de trajet d&rsquo;\u00e0 peine 8 minutes.<\/p>\n<p>En plein centre ville de Palma, vous nous retrouverez\u00a0<span style=\"text-decoration: underline;\"><span style=\"color: #ffffff; text-decoration: underline;\"><a style=\"color: #ffffff; text-decoration: underline;\" href=\"https:\/\/www.google.es\/maps\/place\/Mister+Scooter+(Plaza+Espa%C3%B1a)+Alquiler+motos+Mallorca\/@39.5779607,2.652169,15z\/data=!4m5!3m4!1s0x0:0x15bd3989a5badea2!8m2!3d39.5779607!4d2.652169\" target=\"_blank\" rel=\"noopener\">Calle 31 de diciembre 3<\/a><\/span><\/span>, la localisation pratique gr\u00e2ce \u00e0 sa proximit\u00e9 avec toutes les lignes de bus de ville, notamment la ligne A1 en direction de l&rsquo;a\u00e9roport, les lignes de train de la station Intermodal, le c\u00e9l\u00e8bre ferrocarril de S\u00f3ller et toutes les lignes de bus de longue distance qui vous connecteront au reste de l&rsquo;\u00eele.<\/p>\n\t\t\t\t\t\t\t\t<\/div>\n\t\t\t\t<\/div>\n\t\t\t\t\t<\/div>\n\t\t<\/div>\n\t\t\t\t\t<\/div>\n\t\t<\/section>\n\t\t\t\t\t<\/div>\n\t\t<\/div>\n\t\t\t\t\t<\/div>\n\t\t<\/section>\n\t\t\t\t<section class=\"elementor-section elementor-top-section elementor-element elementor-element-44383cf elementor-section-height-min-height elementor-section-stretched elementor-section-boxed elementor-section-height-default elementor-section-items-middle\" data-id=\"44383cf\" data-element_type=\"section\" data-settings=\"{&quot;stretch_section&quot;:&quot;section-stretched&quot;,&quot;background_background&quot;:&quot;classic&quot;}\">\n\t\t\t\t\t\t\t<div class=\"elementor-background-overlay\"><\/div>\n\t\t\t\t\t\t\t<div class=\"elementor-container elementor-column-gap-default\">\n\t\t\t\t\t<div class=\"elementor-column elementor-col-100 elementor-top-column elementor-element elementor-element-c22073d\" data-id=\"c22073d\" data-element_type=\"column\">\n\t\t\t<div class=\"elementor-widget-wrap elementor-element-populated\">\n\t\t\t\t\t\t<div class=\"elementor-element elementor-element-f71852b elementor-widget elementor-widget-text-editor\" data-id=\"f71852b\" data-element_type=\"widget\" data-widget_type=\"text-editor.default\">\n\t\t\t\t<div class=\"elementor-widget-container\">\n\t\t\t\t\t\t\t\t\t<p>Chez Mister Scooter, nous sommes toujours \u00e0 l&rsquo;\u00e9coute de nos clients afin que vous vous sentiez \u00e0 l&rsquo;aise lors de vos vacances \u00e0 Majorque.<\/p>\n\t\t\t\t\t\t\t\t<\/div>\n\t\t\t\t<\/div>\n\t\t\t\t\t<\/div>\n\t\t<\/div>\n\t\t\t\t\t<\/div>\n\t\t<\/section>\n\t\t\t\t<section class=\"elementor-section elementor-top-section elementor-element elementor-element-8eeb3b5 elementor-section-boxed elementor-section-height-default elementor-section-height-default\" data-id=\"8eeb3b5\" data-element_type=\"section\">\n\t\t\t\t\t\t<div class=\"elementor-container elementor-column-gap-default\">\n\t\t\t\t\t<div class=\"elementor-column elementor-col-100 elementor-top-column elementor-element elementor-element-14b5b95\" data-id=\"14b5b95\" data-element_type=\"column\">\n\t\t\t<div class=\"elementor-widget-wrap elementor-element-populated\">\n\t\t\t\t\t\t<div class=\"elementor-element elementor-element-1b4a737 elementor-widget elementor-widget-video\" data-id=\"1b4a737\" data-element_type=\"widget\" data-settings=\"{&quot;youtube_url&quot;:&quot;https:\\\/\\\/youtu.be\\\/8cTSOCQYosY&quot;,&quot;video_type&quot;:&quot;youtube&quot;,&quot;controls&quot;:&quot;yes&quot;}\" data-widget_type=\"video.default\">\n\t\t\t\t<div class=\"elementor-widget-container\">\n\t\t\t\t\t\t\t<div class=\"elementor-wrapper elementor-open-inline\">\n\t\t\t<div class=\"elementor-video\"><\/div>\t\t<\/div>\n\t\t\t\t\t\t<\/div>\n\t\t\t\t<\/div>\n\t\t\t\t\t<\/div>\n\t\t<\/div>\n\t\t\t\t\t<\/div>\n\t\t<\/section>\n\t\t\t\t<\/div>\n\t\t","protected":false},"excerpt":{"rendered":"<p>Livraison de scooters \u00e1 domicile. Livraison de scooter \u00e0 domicile Un excellent service pour profiter au mieux de vos vacances \u00e0 Majorque ! Vous voyagez \u00e0 Majorque, arrivez tard et avez beaucoup de bagages, chez Mister Scooter nous proposons un service de livraison de votre scooter \u00e0 la porte de votre h\u00f4tel, a\u00e9roport, au port<\/p>\n","protected":false},"author":1,"featured_media":0,"parent":0,"menu_order":0,"comment_status":"closed","ping_status":"closed","template":"mybooking-parts\/mybooking-empty.php","meta":{"_joinchat":[],"footnotes":""},"class_list":["post-1275","page","type-page","status-publish","hentry"],"_links":{"self":[{"href":"https:\/\/misterscooter.eu\/fr\/wp-json\/wp\/v2\/pages\/1275","targetHints":{"allow":["GET"]}}],"collection":[{"href":"https:\/\/misterscooter.eu\/fr\/wp-json\/wp\/v2\/pages"}],"about":[{"href":"https:\/\/misterscooter.eu\/fr\/wp-json\/wp\/v2\/types\/page"}],"author":[{"embeddable":true,"href":"https:\/\/misterscooter.eu\/fr\/wp-json\/wp\/v2\/users\/1"}],"replies":[{"embeddable":true,"href":"https:\/\/misterscooter.eu\/fr\/wp-json\/wp\/v2\/comments?post=1275"}],"version-history":[{"count":473,"href":"https:\/\/misterscooter.eu\/fr\/wp-json\/wp\/v2\/pages\/1275\/revisions"}],"predecessor-version":[{"id":6774,"href":"https:\/\/misterscooter.eu\/fr\/wp-json\/wp\/v2\/pages\/1275\/revisions\/6774"}],"wp:attachment":[{"href":"https:\/\/misterscooter.eu\/fr\/wp-json\/wp\/v2\/media?parent=1275"}],"curies":[{"name":"wp","href":"https:\/\/api.w.org\/{rel}","templated":true}]}}