{"id":474,"date":"2020-12-17T15:35:35","date_gmt":"2020-12-17T15:35:35","guid":{"rendered":"http:\/\/www.rearentacar.com\/seguro-a-todo-riesgo\/"},"modified":"2024-05-16T18:08:45","modified_gmt":"2024-05-16T18:08:45","slug":"versicherung-confort","status":"publish","type":"page","link":"https:\/\/misterscooter.eu\/de\/versicherung-confort\/","title":{"rendered":"Versicherung confort"},"content":{"rendered":"\t\t<div data-elementor-type=\"wp-page\" data-elementor-id=\"474\" class=\"elementor elementor-474 elementor-119\">\n\t\t\t\t\t\t<section class=\"elementor-section elementor-top-section elementor-element elementor-element-2eaea23 elementor-section-boxed elementor-section-height-default elementor-section-height-default\" data-id=\"2eaea23\" data-element_type=\"section\">\n\t\t\t\t\t\t<div class=\"elementor-container elementor-column-gap-default\">\n\t\t\t\t\t<div class=\"elementor-column elementor-col-100 elementor-top-column elementor-element elementor-element-8e65257\" data-id=\"8e65257\" data-element_type=\"column\">\n\t\t\t<div class=\"elementor-widget-wrap elementor-element-populated\">\n\t\t\t\t\t\t<div class=\"elementor-element elementor-element-2adfaf1 elementor-widget elementor-widget-heading\" data-id=\"2adfaf1\" data-element_type=\"widget\" data-widget_type=\"heading.default\">\n\t\t\t\t<div class=\"elementor-widget-container\">\n\t\t\t\t\t<h2 class=\"elementor-heading-title elementor-size-default\"> Vollkaskoversicherung zum besten Preis<\/h2>\t\t\t\t<\/div>\n\t\t\t\t<\/div>\n\t\t\t\t\t<\/div>\n\t\t<\/div>\n\t\t\t\t\t<\/div>\n\t\t<\/section>\n\t\t\t\t<section class=\"elementor-section elementor-top-section elementor-element elementor-element-87534d9 elementor-section-boxed elementor-section-height-default elementor-section-height-default\" data-id=\"87534d9\" data-element_type=\"section\">\n\t\t\t\t\t\t<div class=\"elementor-container elementor-column-gap-default\">\n\t\t\t\t\t<div class=\"elementor-column elementor-col-100 elementor-top-column elementor-element elementor-element-30ca56c\" data-id=\"30ca56c\" data-element_type=\"column\">\n\t\t\t<div class=\"elementor-widget-wrap elementor-element-populated\">\n\t\t\t\t\t\t<div class=\"elementor-element elementor-element-b2a3e36 elementor-widget elementor-widget-text-editor\" data-id=\"b2a3e36\" data-element_type=\"widget\" data-widget_type=\"text-editor.default\">\n\t\t\t\t<div class=\"elementor-widget-container\">\n\t\t\t\t\t\t\t\t\t<p>Vollkaskoversicherung zum besten Preis<br \/>Bei Mister Scooter bieten wir Ihnen optional die beste Versicherung mit reduzierter Selbstbeteiligung f\u00fcr Ihr Motorrad auf Mallorca an. Wir bieten zwei Versicherungsoptionen an: die obligatorische Haftpflichtversicherung und die optionale Zusatzversicherung f\u00fcr nur 10 \u20ac\/Tag mit Selbstbeteiligung. Bis zu 200 \u20ac im Schadensfall nur f\u00fcr 125-ccm-Roller, damit Ihr Urlaub so angenehm wie m\u00f6glich wird und Sie ruhig und v\u00f6llig frei unterwegs sein k\u00f6nnen.<br \/><br \/>Denken Sie daran, dass bei der Reservierung Ihres Motorrads bei Mister Scooter automatisch eine Haftpflichtversicherung in Ihrer Reservierung enthalten ist, zus\u00e4tzlich zu allen kostenlosen Zubeh\u00f6rteilen wie den beiden Helmen, dem Kofferraum und dem Hochsicherheits-Lenkerschloss, das jeden Diebstahl verhindert.<\/p>\t\t\t\t\t\t\t\t<\/div>\n\t\t\t\t<\/div>\n\t\t\t\t<div class=\"elementor-element elementor-element-82ebefb elementor-widget-divider--view-line elementor-widget elementor-widget-divider\" data-id=\"82ebefb\" data-element_type=\"widget\" data-widget_type=\"divider.default\">\n\t\t\t\t<div class=\"elementor-widget-container\">\n\t\t\t\t\t\t\t<div class=\"elementor-divider\">\n\t\t\t<span class=\"elementor-divider-separator\">\n\t\t\t\t\t\t<\/span>\n\t\t<\/div>\n\t\t\t\t\t\t<\/div>\n\t\t\t\t<\/div>\n\t\t\t\t\t<\/div>\n\t\t<\/div>\n\t\t\t\t\t<\/div>\n\t\t<\/section>\n\t\t\t\t<section class=\"elementor-section elementor-top-section elementor-element elementor-element-cc7ae42 elementor-section-boxed elementor-section-height-default elementor-section-height-default\" data-id=\"cc7ae42\" data-element_type=\"section\">\n\t\t\t\t\t\t<div class=\"elementor-container elementor-column-gap-default\">\n\t\t\t\t\t<div class=\"elementor-column elementor-col-50 elementor-top-column elementor-element elementor-element-ba0fe41\" data-id=\"ba0fe41\" data-element_type=\"column\">\n\t\t\t<div class=\"elementor-widget-wrap elementor-element-populated\">\n\t\t\t\t\t\t<div class=\"elementor-element elementor-element-1431014 elementor-widget elementor-widget-heading\" data-id=\"1431014\" data-element_type=\"widget\" data-widget_type=\"heading.default\">\n\t\t\t\t<div class=\"elementor-widget-container\">\n\t\t\t\t\t<h4 class=\"elementor-heading-title elementor-size-default\">KOMFORT Versicherung - 10\u20ac\/pro Tag<\/h4>\t\t\t\t<\/div>\n\t\t\t\t<\/div>\n\t\t\t\t<div class=\"elementor-element elementor-element-22ab0b7 elementor-icon-list--layout-traditional elementor-list-item-link-full_width elementor-widget elementor-widget-icon-list\" data-id=\"22ab0b7\" data-element_type=\"widget\" data-widget_type=\"icon-list.default\">\n\t\t\t\t<div class=\"elementor-widget-container\">\n\t\t\t\t\t\t\t<ul class=\"elementor-icon-list-items\">\n\t\t\t\t\t\t\t<li class=\"elementor-icon-list-item\">\n\t\t\t\t\t\t\t\t\t\t\t<span class=\"elementor-icon-list-icon\">\n\t\t\t\t\t\t\t<i aria-hidden=\"true\" class=\"far fa-edit\"><\/i>\t\t\t\t\t\t<\/span>\n\t\t\t\t\t\t\t\t\t\t<span class=\"elementor-icon-list-text\">\u2022 All-Risk-Versicherung mit 200 \u20ac Selbstbeteiligung bei Unfallsch\u00e4den oder St\u00fcrzen<\/span>\n\t\t\t\t\t\t\t\t\t<\/li>\n\t\t\t\t\t\t\t\t<li class=\"elementor-icon-list-item\">\n\t\t\t\t\t\t\t\t\t\t\t<span class=\"elementor-icon-list-icon\">\n\t\t\t\t\t\t\t<i aria-hidden=\"true\" class=\"fas fa-compact-disc\"><\/i>\t\t\t\t\t\t<\/span>\n\t\t\t\t\t\t\t\t\t\t<span class=\"elementor-icon-list-text\">\u2022Reifenpanne (Reparatur und Transport)<\/span>\n\t\t\t\t\t\t\t\t\t<\/li>\n\t\t\t\t\t\t\t\t<li class=\"elementor-icon-list-item\">\n\t\t\t\t\t\t\t\t\t\t\t<span class=\"elementor-icon-list-icon\">\n\t\t\t\t\t\t\t<i aria-hidden=\"true\" class=\"fas fa-check\"><\/i>\t\t\t\t\t\t<\/span>\n\t\t\t\t\t\t\t\t\t\t<span class=\"elementor-icon-list-text\">Kauktion 200 \u20ac pro Visa-\/Mastercard-Kard<\/span>\n\t\t\t\t\t\t\t\t\t<\/li>\n\t\t\t\t\t\t\t\t<li class=\"elementor-icon-list-item\">\n\t\t\t\t\t\t\t\t\t\t<span class=\"elementor-icon-list-text\"><\/span>\n\t\t\t\t\t\t\t\t\t<\/li>\n\t\t\t\t\t\t<\/ul>\n\t\t\t\t\t\t<\/div>\n\t\t\t\t<\/div>\n\t\t\t\t\t<\/div>\n\t\t<\/div>\n\t\t\t\t<div class=\"elementor-column elementor-col-50 elementor-top-column elementor-element elementor-element-e3e371e\" data-id=\"e3e371e\" data-element_type=\"column\">\n\t\t\t<div class=\"elementor-widget-wrap elementor-element-populated\">\n\t\t\t\t\t\t<div class=\"elementor-element elementor-element-28d2211 elementor-widget elementor-widget-heading\" data-id=\"28d2211\" data-element_type=\"widget\" data-widget_type=\"heading.default\">\n\t\t\t\t<div class=\"elementor-widget-container\">\n\t\t\t\t\t<h4 class=\"elementor-heading-title elementor-size-default\">Die beste Option zum Mieten<\/h4>\t\t\t\t<\/div>\n\t\t\t\t<\/div>\n\t\t\t\t<div class=\"elementor-element elementor-element-cb75335 elementor-icon-list--layout-traditional elementor-list-item-link-full_width elementor-widget elementor-widget-icon-list\" data-id=\"cb75335\" data-element_type=\"widget\" data-widget_type=\"icon-list.default\">\n\t\t\t\t<div class=\"elementor-widget-container\">\n\t\t\t\t\t\t\t<ul class=\"elementor-icon-list-items\">\n\t\t\t\t\t\t\t<li class=\"elementor-icon-list-item\">\n\t\t\t\t\t\t\t\t\t\t\t<span class=\"elementor-icon-list-icon\">\n\t\t\t\t\t\t\t<i aria-hidden=\"true\" class=\"far fa-credit-card\"><\/i>\t\t\t\t\t\t<\/span>\n\t\t\t\t\t\t\t\t\t\t<span class=\"elementor-icon-list-text\">\u2022Kaution per Visa Mastercar Bankkarte<\/span>\n\t\t\t\t\t\t\t\t\t<\/li>\n\t\t\t\t\t\t<\/ul>\n\t\t\t\t\t\t<\/div>\n\t\t\t\t<\/div>\n\t\t\t\t\t<\/div>\n\t\t<\/div>\n\t\t\t\t\t<\/div>\n\t\t<\/section>\n\t\t\t\t<section class=\"elementor-section elementor-top-section elementor-element elementor-element-5e9859a elementor-section-boxed elementor-section-height-default elementor-section-height-default\" data-id=\"5e9859a\" data-element_type=\"section\">\n\t\t\t\t\t\t<div class=\"elementor-container elementor-column-gap-default\">\n\t\t\t\t\t<div class=\"elementor-column elementor-col-100 elementor-top-column elementor-element elementor-element-246c133\" data-id=\"246c133\" data-element_type=\"column\">\n\t\t\t<div class=\"elementor-widget-wrap elementor-element-populated\">\n\t\t\t\t\t\t<div class=\"elementor-element elementor-element-da701d4 elementor-widget elementor-widget-image\" data-id=\"da701d4\" data-element_type=\"widget\" data-widget_type=\"image.default\">\n\t\t\t\t<div class=\"elementor-widget-container\">\n\t\t\t\t\t\t\t\t\t\t\t\t\t\t\t<img fetchpriority=\"high\" decoding=\"async\" width=\"640\" height=\"480\" src=\"https:\/\/misterscooter.eu\/wp-content\/uploads\/2021\/12\/seguro-a-todo-riesgo-768x576.jpg\" class=\"attachment-medium_large size-medium_large wp-image-2441\" alt=\"Vollkaskoversicherung\" srcset=\"https:\/\/misterscooter.eu\/wp-content\/uploads\/2021\/12\/seguro-a-todo-riesgo-768x576.jpg 768w, https:\/\/misterscooter.eu\/wp-content\/uploads\/2021\/12\/seguro-a-todo-riesgo-300x225.jpg 300w, https:\/\/misterscooter.eu\/wp-content\/uploads\/2021\/12\/seguro-a-todo-riesgo-1024x768.jpg 1024w, https:\/\/misterscooter.eu\/wp-content\/uploads\/2021\/12\/seguro-a-todo-riesgo.jpg 1280w\" sizes=\"(max-width: 640px) 100vw, 640px\" \/>\t\t\t\t\t\t\t\t\t\t\t\t\t\t\t<\/div>\n\t\t\t\t<\/div>\n\t\t\t\t\t<\/div>\n\t\t<\/div>\n\t\t\t\t\t<\/div>\n\t\t<\/section>\n\t\t\t\t<\/div>\n\t\t","protected":false},"excerpt":{"rendered":"<p>Vollkaskoversicherung zum besten Preis Vollkaskoversicherung zum besten PreisBei Mister Scooter bieten wir Ihnen optional die beste Versicherung mit reduzierter Selbstbeteiligung f\u00fcr Ihr Motorrad auf Mallorca an. Wir bieten zwei Versicherungsoptionen an: die obligatorische Haftpflichtversicherung und die optionale Zusatzversicherung f\u00fcr nur 10 \u20ac\/Tag mit Selbstbeteiligung. Bis zu 200 \u20ac im Schadensfall nur f\u00fcr 125-ccm-Roller, damit Ihr<\/p>\n","protected":false},"author":1,"featured_media":0,"parent":0,"menu_order":0,"comment_status":"closed","ping_status":"closed","template":"","meta":{"_joinchat":[],"footnotes":""},"class_list":["post-474","page","type-page","status-publish","hentry"],"_links":{"self":[{"href":"https:\/\/misterscooter.eu\/de\/wp-json\/wp\/v2\/pages\/474","targetHints":{"allow":["GET"]}}],"collection":[{"href":"https:\/\/misterscooter.eu\/de\/wp-json\/wp\/v2\/pages"}],"about":[{"href":"https:\/\/misterscooter.eu\/de\/wp-json\/wp\/v2\/types\/page"}],"author":[{"embeddable":true,"href":"https:\/\/misterscooter.eu\/de\/wp-json\/wp\/v2\/users\/1"}],"replies":[{"embeddable":true,"href":"https:\/\/misterscooter.eu\/de\/wp-json\/wp\/v2\/comments?post=474"}],"version-history":[{"count":40,"href":"https:\/\/misterscooter.eu\/de\/wp-json\/wp\/v2\/pages\/474\/revisions"}],"predecessor-version":[{"id":7274,"href":"https:\/\/misterscooter.eu\/de\/wp-json\/wp\/v2\/pages\/474\/revisions\/7274"}],"wp:attachment":[{"href":"https:\/\/misterscooter.eu\/de\/wp-json\/wp\/v2\/media?parent=474"}],"curies":[{"name":"wp","href":"https:\/\/api.w.org\/{rel}","templated":true}]}}