{"id":449,"date":"2020-12-16T11:28:28","date_gmt":"2020-12-16T11:28:28","guid":{"rendered":"http:\/\/www.rearentacar.com\/rollerverleih-auf-mallorca\/"},"modified":"2023-08-01T07:24:50","modified_gmt":"2023-08-01T07:24:50","slug":"rollerverleih-auf-mallorca","status":"publish","type":"page","link":"https:\/\/misterscooter.eu\/de\/rollerverleih-auf-mallorca\/","title":{"rendered":"Rollerverleih auf Mallorca"},"content":{"rendered":"\t\t<div data-elementor-type=\"wp-page\" data-elementor-id=\"449\" class=\"elementor elementor-449 elementor-132\">\n\t\t\t\t\t\t<section class=\"elementor-section elementor-top-section elementor-element elementor-element-35e17da elementor-section-height-min-height elementor-section-stretched elementor-section-boxed elementor-section-height-default elementor-section-items-middle\" data-id=\"35e17da\" data-element_type=\"section\" data-settings=\"{&quot;stretch_section&quot;:&quot;section-stretched&quot;,&quot;background_background&quot;:&quot;classic&quot;}\">\n\t\t\t\t\t\t\t<div class=\"elementor-background-overlay\"><\/div>\n\t\t\t\t\t\t\t<div class=\"elementor-container elementor-column-gap-default\">\n\t\t\t\t\t<div class=\"elementor-column elementor-col-100 elementor-top-column elementor-element elementor-element-26e5483\" data-id=\"26e5483\" data-element_type=\"column\">\n\t\t\t<div class=\"elementor-widget-wrap elementor-element-populated\">\n\t\t\t\t\t\t<div class=\"elementor-element elementor-element-c18cdb9 elementor-widget elementor-widget-heading\" data-id=\"c18cdb9\" data-element_type=\"widget\" data-widget_type=\"heading.default\">\n\t\t\t\t<div class=\"elementor-widget-container\">\n\t\t\t\t\t<h1 class=\"elementor-heading-title elementor-size-default\">Roller Lieferung nach Hause<\/h1>\t\t\t\t<\/div>\n\t\t\t\t<\/div>\n\t\t\t\t<div class=\"elementor-element elementor-element-7bc56a0 elementor-widget-divider--view-line elementor-widget elementor-widget-divider\" data-id=\"7bc56a0\" data-element_type=\"widget\" data-widget_type=\"divider.default\">\n\t\t\t\t<div class=\"elementor-widget-container\">\n\t\t\t\t\t\t\t<div class=\"elementor-divider\">\n\t\t\t<span class=\"elementor-divider-separator\">\n\t\t\t\t\t\t<\/span>\n\t\t<\/div>\n\t\t\t\t\t\t<\/div>\n\t\t\t\t<\/div>\n\t\t\t\t\t<\/div>\n\t\t<\/div>\n\t\t\t\t\t<\/div>\n\t\t<\/section>\n\t\t\t\t<section class=\"elementor-section elementor-top-section elementor-element elementor-element-81579b7 elementor-section-stretched elementor-section-boxed elementor-section-height-default elementor-section-height-default\" data-id=\"81579b7\" data-element_type=\"section\" data-settings=\"{&quot;stretch_section&quot;:&quot;section-stretched&quot;}\">\n\t\t\t\t\t\t<div class=\"elementor-container elementor-column-gap-default\">\n\t\t\t\t\t<div class=\"elementor-column elementor-col-100 elementor-top-column elementor-element elementor-element-066e70d\" data-id=\"066e70d\" data-element_type=\"column\">\n\t\t\t<div class=\"elementor-widget-wrap elementor-element-populated\">\n\t\t\t\t\t\t<section class=\"elementor-section elementor-inner-section elementor-element elementor-element-c154922 elementor-section-boxed elementor-section-height-default elementor-section-height-default elementor-invisible\" data-id=\"c154922\" data-element_type=\"section\" data-settings=\"{&quot;animation&quot;:&quot;zoomIn&quot;}\">\n\t\t\t\t\t\t<div class=\"elementor-container elementor-column-gap-default\">\n\t\t\t\t\t<div class=\"elementor-column elementor-col-25 elementor-inner-column elementor-element elementor-element-455f7c2\" data-id=\"455f7c2\" data-element_type=\"column\" data-settings=\"{&quot;background_background&quot;:&quot;classic&quot;}\">\n\t\t\t<div class=\"elementor-widget-wrap elementor-element-populated\">\n\t\t\t\t\t\t<div class=\"elementor-element elementor-element-5fe869b elementor-widget elementor-widget-heading\" data-id=\"5fe869b\" data-element_type=\"widget\" data-widget_type=\"heading.default\">\n\t\t\t\t<div class=\"elementor-widget-container\">\n\t\t\t\t\t<h2 class=\"elementor-heading-title elementor-size-default\">Lieferung von Rollern in Hotels, Flugh\u00e4fen und im Hafen von Palma<\/h2>\t\t\t\t<\/div>\n\t\t\t\t<\/div>\n\t\t\t\t<div class=\"elementor-element elementor-element-41fd112 elementor-widget elementor-widget-text-editor\" data-id=\"41fd112\" data-element_type=\"widget\" data-widget_type=\"text-editor.default\">\n\t\t\t\t<div class=\"elementor-widget-container\">\n\t\t\t\t\t\t\t\t\t<p>Der beste Service, um Ihren Urlaub auf Mallorca am meisten zu genie\u00dfen!<\/p>\n<p>Sie reisen nach Mallorca, kommen sp\u00e4t an und haben viel Gep\u00e4ck, Mister Scooter bietet Ihnen an, Ihren Roller vor Ihrer Haust\u00fcr, im Hotel, Flughafen oder Hafen von Palma zu liefern.<\/p>\n<p><b>\u00a0Mieten Sie Ihren Roller in Palma de Mallorca<\/b> bei Mister Scooter, dem Unternehmen mit den besten Vorteilen und Preisen, und buchen Sie direkt \u00fcber unser <span style=\"text-decoration: underline;\"><span style=\"color: #ffffff;\"><a style=\"color: #ffffff; text-decoration: underline;\" href=\"https:\/\/misterscooter.eu\/de\/\">Buchungsformular<\/a><\/span><\/span><\/p>\n\t\t\t\t\t\t\t\t<\/div>\n\t\t\t\t<\/div>\n\t\t\t\t\t<\/div>\n\t\t<\/div>\n\t\t\t\t<div class=\"elementor-column elementor-col-25 elementor-inner-column elementor-element elementor-element-812fb64\" data-id=\"812fb64\" data-element_type=\"column\" data-settings=\"{&quot;background_background&quot;:&quot;classic&quot;}\">\n\t\t\t<div class=\"elementor-widget-wrap elementor-element-populated\">\n\t\t\t\t\t\t<div class=\"elementor-element elementor-element-a647af6 elementor-widget elementor-widget-heading\" data-id=\"a647af6\" data-element_type=\"widget\" data-widget_type=\"heading.default\">\n\t\t\t\t<div class=\"elementor-widget-container\">\n\t\t\t\t\t<h2 class=\"elementor-heading-title elementor-size-default\">Lieferung nach Hause, Hotels, Flughafen, Seehafen<\/h2>\t\t\t\t<\/div>\n\t\t\t\t<\/div>\n\t\t\t\t<div class=\"elementor-element elementor-element-421973e elementor-widget elementor-widget-text-editor\" data-id=\"421973e\" data-element_type=\"widget\" data-widget_type=\"text-editor.default\">\n\t\t\t\t<div class=\"elementor-widget-container\">\n\t\t\t\t\t\t\t\t\t<ul>\n<li>Hauslieferung<\/li>\n<li>Flughafen<\/li>\n<li>Hafen von palma<\/li>\n<li>Palma de Mallorca<\/li>\n<li>Llucmajor<\/li>\n<li>El Arenal, Can Pastilla<\/li>\n<li>Palmanova, Magaluf<\/li>\n<li>Santa Ponsa, Paguera<\/li>\n<li>Port Andratx..<\/li>\n<\/ul>\n<p>In unserem Buchungsformular finden Sie alle unsere Dienstleistungen wie den kostenlosen Flughafen-Shuttle zu unserem n\u00e4chstgelegenen Gesch\u00e4ft sowie den Lieferservice am \u00a0<span style=\"text-decoration: underline;\"><span style=\"color: #ffffff; text-decoration: underline;\"><a style=\"color: #ffffff; text-decoration: underline;\" href=\"https:\/\/www.google.com\/maps\/place\/Mister+Scooter+Alquiler+Motos+Aeropuerto+Mallorca\/@39.5462313,2.7264729,17z\/data=!3m1!4b1!4m5!3m4!1s0x0:0xabb51ab00cbcbe1b!8m2!3d39.5462313!4d2.7286616?hl=es\" target=\"_blank\" rel=\"noopener\">Flughafen Son Sant Joan<\/a><\/span><\/span>.<\/p>\n\t\t\t\t\t\t\t\t<\/div>\n\t\t\t\t<\/div>\n\t\t\t\t\t<\/div>\n\t\t<\/div>\n\t\t\t\t<div class=\"elementor-column elementor-col-25 elementor-inner-column elementor-element elementor-element-f0f6ef1\" data-id=\"f0f6ef1\" data-element_type=\"column\" data-settings=\"{&quot;background_background&quot;:&quot;classic&quot;}\">\n\t\t\t<div class=\"elementor-widget-wrap elementor-element-populated\">\n\t\t\t\t\t\t<div class=\"elementor-element elementor-element-b3c3ca1 elementor-widget elementor-widget-heading\" data-id=\"b3c3ca1\" data-element_type=\"widget\" data-widget_type=\"heading.default\">\n\t\t\t\t<div class=\"elementor-widget-container\">\n\t\t\t\t\t<h2 class=\"elementor-heading-title elementor-size-default\">So fordern Sie die Rollerlieferung an<\/h2>\t\t\t\t<\/div>\n\t\t\t\t<\/div>\n\t\t\t\t<div class=\"elementor-element elementor-element-8ce26b0 elementor-widget elementor-widget-text-editor\" data-id=\"8ce26b0\" data-element_type=\"widget\" data-widget_type=\"text-editor.default\">\n\t\t\t\t<div class=\"elementor-widget-container\">\n\t\t\t\t\t\t\t\t\t<p>Zu Hause, Hotel oder Flughafen Roller Lieferservice auf Kundenwunsch zur Verf\u00fcgung.<\/p>\n<p>W\u00e4hlen Sie in unserem Reservierungsformular &#8222;Hauslieferdienst&#8220; Flughafen&#8220; oder &#8222;Palma Hafen&#8220; aus und tragen Sie die genaue Lieferadresse in das Kommentarfeld des Reservierungsformulars ein (Name, Stra\u00dfe, Nummer, Postleitzahl und Ort des Hotels).<\/p>\n<p>Auch wenn Sie au\u00dferhalb unserer Betriebszeiten ankommen oder abreisen, keine Sorge um die Abholung und R\u00fcckgabe Ihres Rollers, unser Service funktioniert 24\/7.<\/p>\n\t\t\t\t\t\t\t\t<\/div>\n\t\t\t\t<\/div>\n\t\t\t\t\t<\/div>\n\t\t<\/div>\n\t\t\t\t<div class=\"elementor-column elementor-col-25 elementor-inner-column elementor-element elementor-element-d1085c2\" data-id=\"d1085c2\" data-element_type=\"column\" data-settings=\"{&quot;background_background&quot;:&quot;classic&quot;}\">\n\t\t\t<div class=\"elementor-widget-wrap elementor-element-populated\">\n\t\t\t\t\t\t<div class=\"elementor-element elementor-element-c2822b2 elementor-widget elementor-widget-heading\" data-id=\"c2822b2\" data-element_type=\"widget\" data-widget_type=\"heading.default\">\n\t\t\t\t<div class=\"elementor-widget-container\">\n\t\t\t\t\t<h2 class=\"elementor-heading-title elementor-size-default\">Mister Scooter Agenturen<\/h2>\t\t\t\t<\/div>\n\t\t\t\t<\/div>\n\t\t\t\t<div class=\"elementor-element elementor-element-41eb3c7 elementor-widget elementor-widget-text-editor\" data-id=\"41eb3c7\" data-element_type=\"widget\" data-widget_type=\"text-editor.default\">\n\t\t\t\t<div class=\"elementor-widget-container\">\n\t\t\t\t\t\t\t\t\t<p>Mister Scooter verf\u00fcgt \u00fcber 2 Agenturen in Palma de Mallorca.<\/p>\n<p>Die Agentur befindet sich <span style=\"text-decoration: underline;\"><span style=\"color: #ffffff; text-decoration: underline;\"><a style=\"color: #ffffff; text-decoration: underline;\" href=\"https:\/\/www.google.es\/maps\/place\/Mister+scooter.+Alquiler+de+Motos+en+Mallorca\/@39.5713109,2.6721841,15z\/data=!4m5!3m4!1s0x0:0xe61a3903505e149!8m2!3d39.5713109!4d2.6721841\" target=\"_blank\" rel=\"noopener\">calle de Manacor 123, Palma<\/a><\/span><\/span>, f\u00fcr einfache Transfers f\u00fcr unsere Kunden, die den kostenlosen Flughafentransfer mit einer Fahrzeit von knapp 8 Minuten gew\u00e4hlt haben.<\/p>\n<p>Im Herzen von Palma finden Sie uns in der <span style=\"text-decoration: underline;\"><span style=\"color: #ffffff; text-decoration: underline;\"><a style=\"color: #ffffff; text-decoration: underline;\" href=\"https:\/\/www.google.es\/maps\/place\/Mister+Scooter+(Plaza+Espa%C3%B1a)+Alquiler+motos+Mallorca\/@39.5779607,2.652169,15z\/data=!4m5!3m4!1s0x0:0x15bd3989a5badea2!8m2!3d39.5779607!4d2.652169\" target=\"_blank\" rel=\"noopener\">calle 31 de diciembre 3, Palma<\/a><\/span><\/span>der perfekte Ort f\u00fcr alle Stadtbusse, einschlie\u00dflich der Linie A1, um zum Flughafen zur\u00fcckzukehren, der Zuglinien des Intermodalbahnhofs, des ber\u00fchmten Ferrocarril de S\u00f3ller und aller Busse, mit denen Sie den Rest der Insel entdecken k\u00f6nnen.<\/p>\n\t\t\t\t\t\t\t\t<\/div>\n\t\t\t\t<\/div>\n\t\t\t\t\t<\/div>\n\t\t<\/div>\n\t\t\t\t\t<\/div>\n\t\t<\/section>\n\t\t\t\t\t<\/div>\n\t\t<\/div>\n\t\t\t\t\t<\/div>\n\t\t<\/section>\n\t\t\t\t<section class=\"elementor-section elementor-top-section elementor-element elementor-element-44383cf elementor-section-height-min-height elementor-section-stretched elementor-section-boxed elementor-section-height-default elementor-section-items-middle\" data-id=\"44383cf\" data-element_type=\"section\" data-settings=\"{&quot;stretch_section&quot;:&quot;section-stretched&quot;,&quot;background_background&quot;:&quot;classic&quot;}\">\n\t\t\t\t\t\t\t<div class=\"elementor-background-overlay\"><\/div>\n\t\t\t\t\t\t\t<div class=\"elementor-container elementor-column-gap-default\">\n\t\t\t\t\t<div class=\"elementor-column elementor-col-100 elementor-top-column elementor-element elementor-element-c22073d\" data-id=\"c22073d\" data-element_type=\"column\">\n\t\t\t<div class=\"elementor-widget-wrap elementor-element-populated\">\n\t\t\t\t\t\t<div class=\"elementor-element elementor-element-f71852b elementor-widget elementor-widget-text-editor\" data-id=\"f71852b\" data-element_type=\"widget\" data-widget_type=\"text-editor.default\">\n\t\t\t\t<div class=\"elementor-widget-container\">\n\t\t\t\t\t\t\t\t\t<p>Mister Scooter h\u00f6rt immer auf die Bed\u00fcrfnisse der Kunden, um Ihre Erfahrung einfach und unvergesslich zu machen!<\/p>\n\t\t\t\t\t\t\t\t<\/div>\n\t\t\t\t<\/div>\n\t\t\t\t\t<\/div>\n\t\t<\/div>\n\t\t\t\t\t<\/div>\n\t\t<\/section>\n\t\t\t\t<section class=\"elementor-section elementor-top-section elementor-element elementor-element-8eeb3b5 elementor-section-boxed elementor-section-height-default elementor-section-height-default\" data-id=\"8eeb3b5\" data-element_type=\"section\">\n\t\t\t\t\t\t<div class=\"elementor-container elementor-column-gap-default\">\n\t\t\t\t\t<div class=\"elementor-column elementor-col-100 elementor-top-column elementor-element elementor-element-14b5b95\" data-id=\"14b5b95\" data-element_type=\"column\">\n\t\t\t<div class=\"elementor-widget-wrap elementor-element-populated\">\n\t\t\t\t\t\t<div class=\"elementor-element elementor-element-1b4a737 elementor-widget elementor-widget-video\" data-id=\"1b4a737\" data-element_type=\"widget\" data-settings=\"{&quot;youtube_url&quot;:&quot;https:\\\/\\\/youtu.be\\\/8cTSOCQYosY&quot;,&quot;video_type&quot;:&quot;youtube&quot;,&quot;controls&quot;:&quot;yes&quot;}\" data-widget_type=\"video.default\">\n\t\t\t\t<div class=\"elementor-widget-container\">\n\t\t\t\t\t\t\t<div class=\"elementor-wrapper elementor-open-inline\">\n\t\t\t<div class=\"elementor-video\"><\/div>\t\t<\/div>\n\t\t\t\t\t\t<\/div>\n\t\t\t\t<\/div>\n\t\t\t\t\t<\/div>\n\t\t<\/div>\n\t\t\t\t\t<\/div>\n\t\t<\/section>\n\t\t\t\t<\/div>\n\t\t","protected":false},"excerpt":{"rendered":"<p>Roller Lieferung nach Hause Lieferung von Rollern in Hotels, Flugh\u00e4fen und im Hafen von Palma Der beste Service, um Ihren Urlaub auf Mallorca am meisten zu genie\u00dfen! Sie reisen nach Mallorca, kommen sp\u00e4t an und haben viel Gep\u00e4ck, Mister Scooter bietet Ihnen an, Ihren Roller vor Ihrer Haust\u00fcr, im Hotel, Flughafen oder Hafen von Palma<\/p>\n","protected":false},"author":1,"featured_media":0,"parent":0,"menu_order":0,"comment_status":"closed","ping_status":"closed","template":"mybooking-parts\/mybooking-empty.php","meta":{"_joinchat":[],"footnotes":""},"class_list":["post-449","page","type-page","status-publish","hentry"],"_links":{"self":[{"href":"https:\/\/misterscooter.eu\/de\/wp-json\/wp\/v2\/pages\/449","targetHints":{"allow":["GET"]}}],"collection":[{"href":"https:\/\/misterscooter.eu\/de\/wp-json\/wp\/v2\/pages"}],"about":[{"href":"https:\/\/misterscooter.eu\/de\/wp-json\/wp\/v2\/types\/page"}],"author":[{"embeddable":true,"href":"https:\/\/misterscooter.eu\/de\/wp-json\/wp\/v2\/users\/1"}],"replies":[{"embeddable":true,"href":"https:\/\/misterscooter.eu\/de\/wp-json\/wp\/v2\/comments?post=449"}],"version-history":[{"count":76,"href":"https:\/\/misterscooter.eu\/de\/wp-json\/wp\/v2\/pages\/449\/revisions"}],"predecessor-version":[{"id":6769,"href":"https:\/\/misterscooter.eu\/de\/wp-json\/wp\/v2\/pages\/449\/revisions\/6769"}],"wp:attachment":[{"href":"https:\/\/misterscooter.eu\/de\/wp-json\/wp\/v2\/media?parent=449"}],"curies":[{"name":"wp","href":"https:\/\/api.w.org\/{rel}","templated":true}]}}