{"id":384,"date":"2020-12-14T15:42:26","date_gmt":"2020-12-14T15:42:26","guid":{"rendered":"http:\/\/www.rearentacar.com\/motorroler-vermietung-mallorca-flughafen\/"},"modified":"2023-08-01T07:24:45","modified_gmt":"2023-08-01T07:24:45","slug":"roller-mieten-am-flughafen-mallorca","status":"publish","type":"page","link":"https:\/\/misterscooter.eu\/de\/roller-mieten-am-flughafen-mallorca\/","title":{"rendered":"Roller Mieten am Flughafen Mallorca"},"content":{"rendered":"\t\t<div data-elementor-type=\"wp-page\" data-elementor-id=\"384\" class=\"elementor elementor-384 elementor-102\">\n\t\t\t\t\t\t<section class=\"elementor-section elementor-top-section elementor-element elementor-element-f8acf97 elementor-section-height-min-height elementor-section-stretched elementor-section-boxed elementor-section-height-default elementor-section-items-middle\" data-id=\"f8acf97\" data-element_type=\"section\" data-settings=\"{&quot;stretch_section&quot;:&quot;section-stretched&quot;,&quot;background_background&quot;:&quot;classic&quot;}\">\n\t\t\t\t\t\t\t<div class=\"elementor-background-overlay\"><\/div>\n\t\t\t\t\t\t\t<div class=\"elementor-container elementor-column-gap-default\">\n\t\t\t\t\t<div class=\"elementor-column elementor-col-100 elementor-top-column elementor-element elementor-element-3c29904\" data-id=\"3c29904\" data-element_type=\"column\">\n\t\t\t<div class=\"elementor-widget-wrap elementor-element-populated\">\n\t\t\t\t\t\t<div class=\"elementor-element elementor-element-021fa6f elementor-widget elementor-widget-heading\" data-id=\"021fa6f\" data-element_type=\"widget\" data-widget_type=\"heading.default\">\n\t\t\t\t<div class=\"elementor-widget-container\">\n\t\t\t\t\t<h1 class=\"elementor-heading-title elementor-size-default\">Roller mieten am Flughafen Mallorca<\/h1>\t\t\t\t<\/div>\n\t\t\t\t<\/div>\n\t\t\t\t<div class=\"elementor-element elementor-element-a42a504 elementor-widget-divider--view-line elementor-widget elementor-widget-divider\" data-id=\"a42a504\" data-element_type=\"widget\" data-widget_type=\"divider.default\">\n\t\t\t\t<div class=\"elementor-widget-container\">\n\t\t\t\t\t\t\t<div class=\"elementor-divider\">\n\t\t\t<span class=\"elementor-divider-separator\">\n\t\t\t\t\t\t<\/span>\n\t\t<\/div>\n\t\t\t\t\t\t<\/div>\n\t\t\t\t<\/div>\n\t\t\t\t<div class=\"elementor-element elementor-element-1db6c85 elementor-widget elementor-widget-text-editor\" data-id=\"1db6c85\" data-element_type=\"widget\" data-widget_type=\"text-editor.default\">\n\t\t\t\t<div class=\"elementor-widget-container\">\n\t\t\t\t\t\t\t\t\t<p>Holen Sie Ihren Roller oder Ihr Motorrad rund um die Uhr am Flughafen von Palma de Mallorca ab<\/p>\n<p>Roller und Motorr\u00e4der 125cc, 300cc, 500cc, 650cc<\/p>\n\t\t\t\t\t\t\t\t<\/div>\n\t\t\t\t<\/div>\n\t\t\t\t\t<\/div>\n\t\t<\/div>\n\t\t\t\t\t<\/div>\n\t\t<\/section>\n\t\t\t\t<section class=\"elementor-section elementor-top-section elementor-element elementor-element-9bcb387 elementor-section-stretched elementor-section-boxed elementor-section-height-default elementor-section-height-default elementor-invisible\" data-id=\"9bcb387\" data-element_type=\"section\" data-settings=\"{&quot;stretch_section&quot;:&quot;section-stretched&quot;,&quot;animation&quot;:&quot;zoomIn&quot;}\">\n\t\t\t\t\t\t<div class=\"elementor-container elementor-column-gap-default\">\n\t\t\t\t\t<div class=\"elementor-column elementor-col-100 elementor-top-column elementor-element elementor-element-9634e0d\" data-id=\"9634e0d\" data-element_type=\"column\">\n\t\t\t<div class=\"elementor-widget-wrap elementor-element-populated\">\n\t\t\t\t\t\t<section class=\"elementor-section elementor-inner-section elementor-element elementor-element-35b152f elementor-section-boxed elementor-section-height-default elementor-section-height-default elementor-invisible\" data-id=\"35b152f\" data-element_type=\"section\" data-settings=\"{&quot;animation&quot;:&quot;zoomIn&quot;}\">\n\t\t\t\t\t\t<div class=\"elementor-container elementor-column-gap-default\">\n\t\t\t\t\t<div class=\"elementor-column elementor-col-33 elementor-inner-column elementor-element elementor-element-2b10672\" data-id=\"2b10672\" data-element_type=\"column\" data-settings=\"{&quot;background_background&quot;:&quot;classic&quot;}\">\n\t\t\t<div class=\"elementor-widget-wrap elementor-element-populated\">\n\t\t\t\t\t\t<div class=\"elementor-element elementor-element-5c8760a elementor-widget elementor-widget-heading\" data-id=\"5c8760a\" data-element_type=\"widget\" data-widget_type=\"heading.default\">\n\t\t\t\t<div class=\"elementor-widget-container\">\n\t\t\t\t\t<h2 class=\"elementor-heading-title elementor-size-default\">Roller mieten am Flughafen Mallorca<\/h2>\t\t\t\t<\/div>\n\t\t\t\t<\/div>\n\t\t\t\t<div class=\"elementor-element elementor-element-dca62fb elementor-widget elementor-widget-text-editor\" data-id=\"dca62fb\" data-element_type=\"widget\" data-widget_type=\"text-editor.default\">\n\t\t\t\t<div class=\"elementor-widget-container\">\n\t\t\t\t\t\t\t\t\t<p>Liefer-\/R\u00fcckholservice f\u00fcr Motorr\u00e4der und Roller <span style=\"text-decoration: underline;\"><span style=\"color: #ffffff; text-decoration: underline;\"><a style=\"color: #ffffff; text-decoration: underline;\" href=\"https:\/\/www.google.com\/maps\/place\/Mister+Scooter.+Alquiler+motos+aeropuerto+Mallorca\/@39.5462313,2.7264729,17z\/data=!3m1!4b1!4m5!3m4!1s0x0:0xabb51ab00cbcbe1b!8m2!3d39.5462313!4d2.7286616?hl=es\" target=\"_blank\" rel=\"noopener\">Flughafen Mallorca<\/a><\/span><\/span> .Ein einzigartiger, idealer und kostenloser Service rund um die Uhr. . Wenn Sie zu sp\u00e4t oder au\u00dferhalb unseres Betriebsplans ankommen, k\u00f6nnen Sie Ihren Roller online mit der Option &#8222;Flughafenlieferung&#8220; buchen, uns im Kommentarfeld mitteilen, zu welcher Zeit Sie landen werden und Ihr Roller am Flughafen auf Sie wartet.<\/p>\n<p>Flughafenlieferungen sind 24\/7 in Betrieb.<\/p>\n\t\t\t\t\t\t\t\t<\/div>\n\t\t\t\t<\/div>\n\t\t\t\t\t<\/div>\n\t\t<\/div>\n\t\t\t\t<div class=\"elementor-column elementor-col-33 elementor-inner-column elementor-element elementor-element-e854f7b\" data-id=\"e854f7b\" data-element_type=\"column\" data-settings=\"{&quot;background_background&quot;:&quot;classic&quot;}\">\n\t\t\t<div class=\"elementor-widget-wrap elementor-element-populated\">\n\t\t\t\t\t\t<div class=\"elementor-element elementor-element-eb0049a elementor-widget elementor-widget-heading\" data-id=\"eb0049a\" data-element_type=\"widget\" data-widget_type=\"heading.default\">\n\t\t\t\t<div class=\"elementor-widget-container\">\n\t\t\t\t\t<h2 class=\"elementor-heading-title elementor-size-default\">Wie beantrage ich es?<\/h2>\t\t\t\t<\/div>\n\t\t\t\t<\/div>\n\t\t\t\t<div class=\"elementor-element elementor-element-e7f0d3a elementor-widget elementor-widget-text-editor\" data-id=\"e7f0d3a\" data-element_type=\"widget\" data-widget_type=\"text-editor.default\">\n\t\t\t\t<div class=\"elementor-widget-container\">\n\t\t\t\t\t\t\t\t\t<p>W\u00e4hlen Sie in unserem Buchungsformular die Option \u201c<b>Flughafenlieferung<\/b>\u201dund w\u00e4hlen Sie Ihre Ankunftszeit. Wenn Ihre Zeit au\u00dferhalb unseres Betriebsplans liegt, teilen Sie uns bitte im Kommentarfeld mit, zu welcher Zeit Sie landen werden, und wir werden die Lieferung f\u00fcr Sie arrangieren.<\/p>\n<p>Nach der Buchung des Rollers m\u00fcssen Sie uns alle erforderlichen Dokumente zusenden und wir stellen Ihnen alle Informationen zur Verf\u00fcgung, die Sie ben\u00f6tigen, um Ihren Roller am Flughafen mit zubeh\u00f6r und Schl\u00fcsseln zu finden.<\/p>\n\t\t\t\t\t\t\t\t<\/div>\n\t\t\t\t<\/div>\n\t\t\t\t\t<\/div>\n\t\t<\/div>\n\t\t\t\t<div class=\"elementor-column elementor-col-33 elementor-inner-column elementor-element elementor-element-eb35536\" data-id=\"eb35536\" data-element_type=\"column\" data-settings=\"{&quot;background_background&quot;:&quot;classic&quot;}\">\n\t\t\t<div class=\"elementor-widget-wrap elementor-element-populated\">\n\t\t\t\t\t\t<div class=\"elementor-element elementor-element-fae8826 elementor-widget elementor-widget-heading\" data-id=\"fae8826\" data-element_type=\"widget\" data-widget_type=\"heading.default\">\n\t\t\t\t<div class=\"elementor-widget-container\">\n\t\t\t\t\t<h2 class=\"elementor-heading-title elementor-size-default\">Roller und Motorr\u00e4der 125cc, 300cc, 500cc, 650cc<\/h2>\t\t\t\t<\/div>\n\t\t\t\t<\/div>\n\t\t\t\t<div class=\"elementor-element elementor-element-c2daf2d elementor-widget elementor-widget-text-editor\" data-id=\"c2daf2d\" data-element_type=\"widget\" data-widget_type=\"text-editor.default\">\n\t\t\t\t<div class=\"elementor-widget-container\">\n\t\t\t\t\t\t\t\t\t<p>Wenn Sie aus dem Flugzeug steigen, k\u00f6nnen Sie den Roller oder das Motorrad am Flughafen abholen. Nach Erhalt der Unterlagen des Fahrers und der Best\u00e4tigung der Reservierung durch unser Unternehmen senden wir Ihnen den Standort des Parkplatzes und die Anweisungen.<\/p>\n\t\t\t\t\t\t\t\t<\/div>\n\t\t\t\t<\/div>\n\t\t\t\t\t<\/div>\n\t\t<\/div>\n\t\t\t\t\t<\/div>\n\t\t<\/section>\n\t\t\t\t<div class=\"elementor-element elementor-element-1b3e5e9 elementor-widget elementor-widget-heading\" data-id=\"1b3e5e9\" data-element_type=\"widget\" data-widget_type=\"heading.default\">\n\t\t\t\t<div class=\"elementor-widget-container\">\n\t\t\t\t\t<h3 class=\"elementor-heading-title elementor-size-default\">Kostenloser Transfer vom Flughafen<\/h3>\t\t\t\t<\/div>\n\t\t\t\t<\/div>\n\t\t\t\t<div class=\"elementor-element elementor-element-c2764a4 elementor-widget elementor-widget-text-editor\" data-id=\"c2764a4\" data-element_type=\"widget\" data-widget_type=\"text-editor.default\">\n\t\t\t\t<div class=\"elementor-widget-container\">\n\t\t\t\t\t\t\t\t\t<p>Wenn Sie an dem im Video unten gezeigten Treffpunkt angekommen sind, rufen Sie uns bitte an und wir senden Ihnen den Shuttle.<\/p>\n\t\t\t\t\t\t\t\t<\/div>\n\t\t\t\t<\/div>\n\t\t\t\t<section class=\"elementor-section elementor-inner-section elementor-element elementor-element-e47dfb4 elementor-section-boxed elementor-section-height-default elementor-section-height-default elementor-invisible\" data-id=\"e47dfb4\" data-element_type=\"section\" data-settings=\"{&quot;animation&quot;:&quot;zoomIn&quot;}\">\n\t\t\t\t\t\t<div class=\"elementor-container elementor-column-gap-default\">\n\t\t\t\t\t<div class=\"elementor-column elementor-col-33 elementor-inner-column elementor-element elementor-element-452e99e\" data-id=\"452e99e\" data-element_type=\"column\" data-settings=\"{&quot;background_background&quot;:&quot;classic&quot;}\">\n\t\t\t<div class=\"elementor-widget-wrap elementor-element-populated\">\n\t\t\t\t\t\t<div class=\"elementor-element elementor-element-4466dc9 elementor-widget elementor-widget-heading\" data-id=\"4466dc9\" data-element_type=\"widget\" data-widget_type=\"heading.default\">\n\t\t\t\t<div class=\"elementor-widget-container\">\n\t\t\t\t\t<h2 class=\"elementor-heading-title elementor-size-default\">Wie kann ich den kostenlosen Shuttle anfordern?<\/h2>\t\t\t\t<\/div>\n\t\t\t\t<\/div>\n\t\t\t\t<div class=\"elementor-element elementor-element-13dbca1 elementor-widget elementor-widget-text-editor\" data-id=\"13dbca1\" data-element_type=\"widget\" data-widget_type=\"text-editor.default\">\n\t\t\t\t<div class=\"elementor-widget-container\">\n\t\t\t\t\t\t\t\t\t<p>\u00dcber unser <span style=\"text-decoration: underline;\"><span style=\"color: #ffffff; text-decoration: underline;\"><a style=\"color: #ffffff; text-decoration: underline;\" href=\"https:\/\/misterscooter.eu\/de\/\">Buchungsformular <\/a><\/span><\/span> k\u00f6nnen Sie den kostenlosen Shuttle vom Flughafen zu unserem Shop anfordern, indem Sie ihn im Abholfeld ausw\u00e4hlen. Dies ist ein kostenloser Service! <strong>Fahrzeit: 8 Minuten\u00a0<\/strong><\/p>\n\t\t\t\t\t\t\t\t<\/div>\n\t\t\t\t<\/div>\n\t\t\t\t\t<\/div>\n\t\t<\/div>\n\t\t\t\t<div class=\"elementor-column elementor-col-33 elementor-inner-column elementor-element elementor-element-6d6cde7\" data-id=\"6d6cde7\" data-element_type=\"column\" data-settings=\"{&quot;background_background&quot;:&quot;classic&quot;}\">\n\t\t\t<div class=\"elementor-widget-wrap elementor-element-populated\">\n\t\t\t\t\t\t<div class=\"elementor-element elementor-element-8102474 elementor-widget elementor-widget-heading\" data-id=\"8102474\" data-element_type=\"widget\" data-widget_type=\"heading.default\">\n\t\t\t\t<div class=\"elementor-widget-container\">\n\t\t\t\t\t<h2 class=\"elementor-heading-title elementor-size-default\">Treffpunkt<\/h2>\t\t\t\t<\/div>\n\t\t\t\t<\/div>\n\t\t\t\t<div class=\"elementor-element elementor-element-d81cfe8 elementor-widget elementor-widget-text-editor\" data-id=\"d81cfe8\" data-element_type=\"widget\" data-widget_type=\"text-editor.default\">\n\t\t\t\t<div class=\"elementor-widget-container\">\n\t\t\t\t\t\t\t\t\t<p>Wenn Sie Ihr Gep\u00e4ck abgeholt haben, verlassen Sie es durch die <b>T\u00fcr P04 <\/b>und gehen Sie bis zum Geb\u00e4ude auf der anderen Stra\u00dfenseite. Das <span style=\"text-decoration: underline;\"><span style=\"color: #ffffff; text-decoration: underline;\"><a style=\"color: #ffffff; text-decoration: underline;\" href=\"#mr-scooter-transfer-video-guide\">video<\/a><\/span><\/span> unten zeigt Ihnen den Weg zum Treffpunkt.<\/p>\n<p>Unser Shuttle verl\u00e4sst unsere Basis erst, wenn wir die Best\u00e4tigung erhalten, dass Sie am Treffpunkt am <b>(+34) 697 40 23 52<\/b><\/p>\n\t\t\t\t\t\t\t\t<\/div>\n\t\t\t\t<\/div>\n\t\t\t\t\t<\/div>\n\t\t<\/div>\n\t\t\t\t<div class=\"elementor-column elementor-col-33 elementor-inner-column elementor-element elementor-element-02aeb9b\" data-id=\"02aeb9b\" data-element_type=\"column\" data-settings=\"{&quot;background_background&quot;:&quot;classic&quot;}\">\n\t\t\t<div class=\"elementor-widget-wrap elementor-element-populated\">\n\t\t\t\t\t\t<div class=\"elementor-element elementor-element-dff5bbd elementor-widget elementor-widget-heading\" data-id=\"dff5bbd\" data-element_type=\"widget\" data-widget_type=\"heading.default\">\n\t\t\t\t<div class=\"elementor-widget-container\">\n\t\t\t\t\t<h2 class=\"elementor-heading-title elementor-size-default\">Kostenloser Flughafentransfer Zeitplan<\/h2>\t\t\t\t<\/div>\n\t\t\t\t<\/div>\n\t\t\t\t<div class=\"elementor-element elementor-element-444f495 elementor-widget elementor-widget-text-editor\" data-id=\"444f495\" data-element_type=\"widget\" data-widget_type=\"text-editor.default\">\n\t\t\t\t<div class=\"elementor-widget-container\">\n\t\t\t\t\t\t\t\t\t<p>Unser Service arbeitet von Montag bis Freitag von <strong>9.30 bis 18.30 Uhr, Samstags von 9:30 bis 13:30 Uhr<\/strong><\/p>\n<p>Die Fahrt vom Flughafen zu unserem Gesch\u00e4ft in der <span style=\"text-decoration: underline;\"><span style=\"color: #ffffff; text-decoration: underline;\"><a style=\"color: #ffffff; text-decoration: underline;\" href=\"https:\/\/www.google.es\/maps\/place\/Mister+scooter.+Alquiler+moto+Mallorca\/@39.5713109,2.6721841,15z\/data=!4m5!3m4!1s0x0:0xe61a3903505e149!8m2!3d39.5713109!4d2.6721841\" target=\"_blank\" rel=\"noopener\">calle de Manacor, 123, Palma<\/a><\/span><\/span> dauert kaum<strong> 8 Minuten<\/strong>.<\/p>\n\t\t\t\t\t\t\t\t<\/div>\n\t\t\t\t<\/div>\n\t\t\t\t\t<\/div>\n\t\t<\/div>\n\t\t\t\t\t<\/div>\n\t\t<\/section>\n\t\t\t\t\t<\/div>\n\t\t<\/div>\n\t\t\t\t\t<\/div>\n\t\t<\/section>\n\t\t\t\t<section class=\"elementor-section elementor-top-section elementor-element elementor-element-df5448a elementor-section-boxed elementor-section-height-default elementor-section-height-default\" data-id=\"df5448a\" data-element_type=\"section\">\n\t\t\t\t\t\t<div class=\"elementor-container elementor-column-gap-default\">\n\t\t\t\t\t<div class=\"elementor-column elementor-col-100 elementor-top-column elementor-element elementor-element-8cfa684\" data-id=\"8cfa684\" data-element_type=\"column\">\n\t\t\t<div class=\"elementor-widget-wrap elementor-element-populated\">\n\t\t\t\t\t\t<div class=\"elementor-element elementor-element-7abda5f elementor-widget elementor-widget-video\" data-id=\"7abda5f\" data-element_type=\"widget\" data-settings=\"{&quot;youtube_url&quot;:&quot;https:\\\/\\\/youtu.be\\\/8-i8q8N99hU&quot;,&quot;autoplay&quot;:&quot;yes&quot;,&quot;mute&quot;:&quot;yes&quot;,&quot;lazy_load&quot;:&quot;yes&quot;,&quot;video_type&quot;:&quot;youtube&quot;,&quot;controls&quot;:&quot;yes&quot;}\" data-widget_type=\"video.default\">\n\t\t\t\t<div class=\"elementor-widget-container\">\n\t\t\t\t\t\t\t<div class=\"elementor-wrapper elementor-open-inline\">\n\t\t\t<div class=\"elementor-video\"><\/div>\t\t<\/div>\n\t\t\t\t\t\t<\/div>\n\t\t\t\t<\/div>\n\t\t\t\t\t<\/div>\n\t\t<\/div>\n\t\t\t\t\t<\/div>\n\t\t<\/section>\n\t\t\t\t<\/div>\n\t\t","protected":false},"excerpt":{"rendered":"<p>Roller mieten am Flughafen Mallorca Holen Sie Ihren Roller oder Ihr Motorrad rund um die Uhr am Flughafen von Palma de Mallorca ab Roller und Motorr\u00e4der 125cc, 300cc, 500cc, 650cc Roller mieten am Flughafen Mallorca Liefer-\/R\u00fcckholservice f\u00fcr Motorr\u00e4der und Roller Flughafen Mallorca .Ein einzigartiger, idealer und kostenloser Service rund um die Uhr. . Wenn Sie<\/p>\n","protected":false},"author":1,"featured_media":0,"parent":0,"menu_order":0,"comment_status":"closed","ping_status":"closed","template":"mybooking-parts\/mybooking-empty.php","meta":{"_joinchat":[],"footnotes":""},"class_list":["post-384","page","type-page","status-publish","hentry"],"_links":{"self":[{"href":"https:\/\/misterscooter.eu\/de\/wp-json\/wp\/v2\/pages\/384","targetHints":{"allow":["GET"]}}],"collection":[{"href":"https:\/\/misterscooter.eu\/de\/wp-json\/wp\/v2\/pages"}],"about":[{"href":"https:\/\/misterscooter.eu\/de\/wp-json\/wp\/v2\/types\/page"}],"author":[{"embeddable":true,"href":"https:\/\/misterscooter.eu\/de\/wp-json\/wp\/v2\/users\/1"}],"replies":[{"embeddable":true,"href":"https:\/\/misterscooter.eu\/de\/wp-json\/wp\/v2\/comments?post=384"}],"version-history":[{"count":142,"href":"https:\/\/misterscooter.eu\/de\/wp-json\/wp\/v2\/pages\/384\/revisions"}],"predecessor-version":[{"id":6761,"href":"https:\/\/misterscooter.eu\/de\/wp-json\/wp\/v2\/pages\/384\/revisions\/6761"}],"wp:attachment":[{"href":"https:\/\/misterscooter.eu\/de\/wp-json\/wp\/v2\/media?parent=384"}],"curies":[{"name":"wp","href":"https:\/\/api.w.org\/{rel}","templated":true}]}}