{"id":1947,"date":"2021-01-22T17:19:28","date_gmt":"2021-01-22T17:19:28","guid":{"rendered":"https:\/\/misterscooter.eu\/asseguranca-a-tot-risc\/"},"modified":"2024-05-16T15:50:35","modified_gmt":"2024-05-16T15:50:35","slug":"asseguranca-a-tot-risc","status":"publish","type":"page","link":"https:\/\/misterscooter.eu\/ca\/asseguranca-a-tot-risc\/","title":{"rendered":"Segur Confort"},"content":{"rendered":"\t\t<div data-elementor-type=\"wp-page\" data-elementor-id=\"1947\" class=\"elementor elementor-1947 elementor-119\">\n\t\t\t\t\t\t<section class=\"elementor-section elementor-top-section elementor-element elementor-element-2eaea23 elementor-section-boxed elementor-section-height-default elementor-section-height-default\" data-id=\"2eaea23\" data-element_type=\"section\">\n\t\t\t\t\t\t<div class=\"elementor-container elementor-column-gap-default\">\n\t\t\t\t\t<div class=\"elementor-column elementor-col-100 elementor-top-column elementor-element elementor-element-8e65257\" data-id=\"8e65257\" data-element_type=\"column\">\n\t\t\t<div class=\"elementor-widget-wrap elementor-element-populated\">\n\t\t\t\t\t\t<div class=\"elementor-element elementor-element-2adfaf1 elementor-widget elementor-widget-heading\" data-id=\"2adfaf1\" data-element_type=\"widget\" data-widget_type=\"heading.default\">\n\t\t\t\t<div class=\"elementor-widget-container\">\n\t\t\t\t\t<h2 class=\"elementor-heading-title elementor-size-default\">segur amb reducci\u00f3 de franquica<\/h2>\t\t\t\t<\/div>\n\t\t\t\t<\/div>\n\t\t\t\t\t<\/div>\n\t\t<\/div>\n\t\t\t\t\t<\/div>\n\t\t<\/section>\n\t\t\t\t<section class=\"elementor-section elementor-top-section elementor-element elementor-element-87534d9 elementor-section-boxed elementor-section-height-default elementor-section-height-default\" data-id=\"87534d9\" data-element_type=\"section\">\n\t\t\t\t\t\t<div class=\"elementor-container elementor-column-gap-default\">\n\t\t\t\t\t<div class=\"elementor-column elementor-col-100 elementor-top-column elementor-element elementor-element-30ca56c\" data-id=\"30ca56c\" data-element_type=\"column\">\n\t\t\t<div class=\"elementor-widget-wrap elementor-element-populated\">\n\t\t\t\t\t\t<div class=\"elementor-element elementor-element-b2a3e36 elementor-widget elementor-widget-text-editor\" data-id=\"b2a3e36\" data-element_type=\"widget\" data-widget_type=\"text-editor.default\">\n\t\t\t\t<div class=\"elementor-widget-container\">\n\t\t\t\t\t\t\t\t\t<p>A Mister Scooter us oferim de manera opcional la millor asseguran\u00e7a amb reducci\u00f3 de franqu\u00edcia per a la vostra moto a Mallorca, oferim dues opcions d&#8217;assegurances, l&#8217;obligat\u00f2ria que \u00e9s una asseguran\u00e7a a tercers i l&#8217;asseguran\u00e7a addicional en opci\u00f3 per nom\u00e9s 10\u20ac\/dia amb una franqu\u00edcia fins a 200\u20ac en cas de danys \u00fanicament per a les scooters 125cc perqu\u00e8 les teves vacances siguin les m\u00e9s plaents per poder circular tranquil\u00b7lament amb total llibertat.<\/p>\n<p>Recorda que autom\u00e0ticament a l&#8217;reservar el seu lloguer de motos amb Mister Scooter tens l&#8217;asseguran\u00e7a a tercers incl\u00f2s a m\u00e9s de tots els accessoris gratu\u00efts com els dos cascs, el bagul, el cadenat &#8230;<\/p>\n\t\t\t\t\t\t\t\t<\/div>\n\t\t\t\t<\/div>\n\t\t\t\t<div class=\"elementor-element elementor-element-82ebefb elementor-widget-divider--view-line elementor-widget elementor-widget-divider\" data-id=\"82ebefb\" data-element_type=\"widget\" data-widget_type=\"divider.default\">\n\t\t\t\t<div class=\"elementor-widget-container\">\n\t\t\t\t\t\t\t<div class=\"elementor-divider\">\n\t\t\t<span class=\"elementor-divider-separator\">\n\t\t\t\t\t\t<\/span>\n\t\t<\/div>\n\t\t\t\t\t\t<\/div>\n\t\t\t\t<\/div>\n\t\t\t\t\t<\/div>\n\t\t<\/div>\n\t\t\t\t\t<\/div>\n\t\t<\/section>\n\t\t\t\t<section class=\"elementor-section elementor-top-section elementor-element elementor-element-cc7ae42 elementor-section-boxed elementor-section-height-default elementor-section-height-default\" data-id=\"cc7ae42\" data-element_type=\"section\">\n\t\t\t\t\t\t<div class=\"elementor-container elementor-column-gap-default\">\n\t\t\t\t\t<div class=\"elementor-column elementor-col-50 elementor-top-column elementor-element elementor-element-ba0fe41\" data-id=\"ba0fe41\" data-element_type=\"column\">\n\t\t\t<div class=\"elementor-widget-wrap elementor-element-populated\">\n\t\t\t\t\t\t<div class=\"elementor-element elementor-element-1431014 elementor-widget elementor-widget-heading\" data-id=\"1431014\" data-element_type=\"widget\" data-widget_type=\"heading.default\">\n\t\t\t\t<div class=\"elementor-widget-container\">\n\t\t\t\t\t<h4 class=\"elementor-heading-title elementor-size-default\">Asseguran\u00e7a COMFORT - 10\u20ac\/dia<\/h4>\t\t\t\t<\/div>\n\t\t\t\t<\/div>\n\t\t\t\t<div class=\"elementor-element elementor-element-22ab0b7 elementor-icon-list--layout-traditional elementor-list-item-link-full_width elementor-widget elementor-widget-icon-list\" data-id=\"22ab0b7\" data-element_type=\"widget\" data-widget_type=\"icon-list.default\">\n\t\t\t\t<div class=\"elementor-widget-container\">\n\t\t\t\t\t\t\t<ul class=\"elementor-icon-list-items\">\n\t\t\t\t\t\t\t<li class=\"elementor-icon-list-item\">\n\t\t\t\t\t\t\t\t\t\t\t<span class=\"elementor-icon-list-icon\">\n\t\t\t\t\t\t\t<i aria-hidden=\"true\" class=\"far fa-edit\"><\/i>\t\t\t\t\t\t<\/span>\n\t\t\t\t\t\t\t\t\t\t<span class=\"elementor-icon-list-text\">Asseguran\u00e7a opcional amb una reducci\u00f3 de la franqu\u00edcia a 200 \u20ac en cas de danys provocats per accident.<\/span>\n\t\t\t\t\t\t\t\t\t<\/li>\n\t\t\t\t\t\t\t\t<li class=\"elementor-icon-list-item\">\n\t\t\t\t\t\t\t\t\t\t\t<span class=\"elementor-icon-list-icon\">\n\t\t\t\t\t\t\t<i aria-hidden=\"true\" class=\"fas fa-compact-disc\"><\/i>\t\t\t\t\t\t<\/span>\n\t\t\t\t\t\t\t\t\t\t<span class=\"elementor-icon-list-text\">Punxada de rodes (inclos)<\/span>\n\t\t\t\t\t\t\t\t\t<\/li>\n\t\t\t\t\t\t\t\t<li class=\"elementor-icon-list-item\">\n\t\t\t\t\t\t\t\t\t\t\t<span class=\"elementor-icon-list-icon\">\n\t\t\t\t\t\t\t<i aria-hidden=\"true\" class=\"fas fa-check\"><\/i>\t\t\t\t\t\t<\/span>\n\t\t\t\t\t\t\t\t\t\t<span class=\"elementor-icon-list-text\">Dip\u00f2sit 200\u20ac per targeta banc\u00e0ria visa\/Mastercard<\/span>\n\t\t\t\t\t\t\t\t\t<\/li>\n\t\t\t\t\t\t\t\t<li class=\"elementor-icon-list-item\">\n\t\t\t\t\t\t\t\t\t\t<span class=\"elementor-icon-list-text\"><\/span>\n\t\t\t\t\t\t\t\t\t<\/li>\n\t\t\t\t\t\t<\/ul>\n\t\t\t\t\t\t<\/div>\n\t\t\t\t<\/div>\n\t\t\t\t\t<\/div>\n\t\t<\/div>\n\t\t\t\t<div class=\"elementor-column elementor-col-50 elementor-top-column elementor-element elementor-element-e3e371e\" data-id=\"e3e371e\" data-element_type=\"column\">\n\t\t\t<div class=\"elementor-widget-wrap elementor-element-populated\">\n\t\t\t\t\t\t<div class=\"elementor-element elementor-element-cb75335 elementor-icon-list--layout-traditional elementor-list-item-link-full_width elementor-widget elementor-widget-icon-list\" data-id=\"cb75335\" data-element_type=\"widget\" data-widget_type=\"icon-list.default\">\n\t\t\t\t<div class=\"elementor-widget-container\">\n\t\t\t\t\t\t\t<ul class=\"elementor-icon-list-items\">\n\t\t\t\t\t\t\t<li class=\"elementor-icon-list-item\">\n\t\t\t\t\t\t\t\t\t\t\t<span class=\"elementor-icon-list-icon\">\n\t\t\t\t\t\t\t<i aria-hidden=\"true\" class=\"fas fa-check\"><\/i>\t\t\t\t\t\t<\/span>\n\t\t\t\t\t\t\t\t\t\t<span class=\"elementor-icon-list-text\">Dip\u00f2sit \u00fanicament per targeta visa\/Mastercard<\/span>\n\t\t\t\t\t\t\t\t\t<\/li>\n\t\t\t\t\t\t<\/ul>\n\t\t\t\t\t\t<\/div>\n\t\t\t\t<\/div>\n\t\t\t\t\t<\/div>\n\t\t<\/div>\n\t\t\t\t\t<\/div>\n\t\t<\/section>\n\t\t\t\t<section class=\"elementor-section elementor-top-section elementor-element elementor-element-5e9859a elementor-section-boxed elementor-section-height-default elementor-section-height-default\" data-id=\"5e9859a\" data-element_type=\"section\">\n\t\t\t\t\t\t<div class=\"elementor-container elementor-column-gap-default\">\n\t\t\t\t\t<div class=\"elementor-column elementor-col-100 elementor-top-column elementor-element elementor-element-246c133\" data-id=\"246c133\" data-element_type=\"column\">\n\t\t\t<div class=\"elementor-widget-wrap elementor-element-populated\">\n\t\t\t\t\t\t<div class=\"elementor-element elementor-element-da701d4 elementor-widget elementor-widget-image\" data-id=\"da701d4\" data-element_type=\"widget\" data-widget_type=\"image.default\">\n\t\t\t\t<div class=\"elementor-widget-container\">\n\t\t\t\t\t\t\t\t\t\t\t\t\t\t\t<img fetchpriority=\"high\" decoding=\"async\" width=\"640\" height=\"480\" src=\"https:\/\/misterscooter.eu\/wp-content\/uploads\/2021\/12\/seguro-a-todo-riesgo-768x576.jpg\" class=\"attachment-medium_large size-medium_large wp-image-2438\" alt=\"Asseguran\u00e7a a tot risc\" srcset=\"https:\/\/misterscooter.eu\/wp-content\/uploads\/2021\/12\/seguro-a-todo-riesgo-768x576.jpg 768w, https:\/\/misterscooter.eu\/wp-content\/uploads\/2021\/12\/seguro-a-todo-riesgo-300x225.jpg 300w, https:\/\/misterscooter.eu\/wp-content\/uploads\/2021\/12\/seguro-a-todo-riesgo-1024x768.jpg 1024w, https:\/\/misterscooter.eu\/wp-content\/uploads\/2021\/12\/seguro-a-todo-riesgo.jpg 1280w\" sizes=\"(max-width: 640px) 100vw, 640px\" \/>\t\t\t\t\t\t\t\t\t\t\t\t\t\t\t<\/div>\n\t\t\t\t<\/div>\n\t\t\t\t\t<\/div>\n\t\t<\/div>\n\t\t\t\t\t<\/div>\n\t\t<\/section>\n\t\t\t\t<\/div>\n\t\t","protected":false},"excerpt":{"rendered":"<p>segur amb reducci\u00f3 de franquica A Mister Scooter us oferim de manera opcional la millor asseguran\u00e7a amb reducci\u00f3 de franqu\u00edcia per a la vostra moto a Mallorca, oferim dues opcions d&#8217;assegurances, l&#8217;obligat\u00f2ria que \u00e9s una asseguran\u00e7a a tercers i l&#8217;asseguran\u00e7a addicional en opci\u00f3 per nom\u00e9s 10\u20ac\/dia amb una franqu\u00edcia fins a 200\u20ac en cas de<\/p>\n","protected":false},"author":1,"featured_media":0,"parent":0,"menu_order":0,"comment_status":"closed","ping_status":"closed","template":"","meta":{"_joinchat":[],"footnotes":""},"class_list":["post-1947","page","type-page","status-publish","hentry"],"_links":{"self":[{"href":"https:\/\/misterscooter.eu\/ca\/wp-json\/wp\/v2\/pages\/1947","targetHints":{"allow":["GET"]}}],"collection":[{"href":"https:\/\/misterscooter.eu\/ca\/wp-json\/wp\/v2\/pages"}],"about":[{"href":"https:\/\/misterscooter.eu\/ca\/wp-json\/wp\/v2\/types\/page"}],"author":[{"embeddable":true,"href":"https:\/\/misterscooter.eu\/ca\/wp-json\/wp\/v2\/users\/1"}],"replies":[{"embeddable":true,"href":"https:\/\/misterscooter.eu\/ca\/wp-json\/wp\/v2\/comments?post=1947"}],"version-history":[{"count":12,"href":"https:\/\/misterscooter.eu\/ca\/wp-json\/wp\/v2\/pages\/1947\/revisions"}],"predecessor-version":[{"id":7220,"href":"https:\/\/misterscooter.eu\/ca\/wp-json\/wp\/v2\/pages\/1947\/revisions\/7220"}],"wp:attachment":[{"href":"https:\/\/misterscooter.eu\/ca\/wp-json\/wp\/v2\/media?parent=1947"}],"curies":[{"name":"wp","href":"https:\/\/api.w.org\/{rel}","templated":true}]}}