{"id":1941,"date":"2021-01-22T17:14:34","date_gmt":"2021-01-22T17:14:34","guid":{"rendered":"https:\/\/misterscooter.eu\/politica-de-cookies\/"},"modified":"2021-01-22T17:14:34","modified_gmt":"2021-01-22T17:14:34","slug":"politica-de-cookies","status":"publish","type":"page","link":"https:\/\/misterscooter.eu\/ca\/politica-de-cookies\/","title":{"rendered":"Pol\u00edtica de cookies"},"content":{"rendered":"\t\t<div data-elementor-type=\"wp-page\" data-elementor-id=\"1941\" class=\"elementor elementor-1941 elementor-77\">\n\t\t\t\t\t\t<section class=\"elementor-section elementor-top-section elementor-element elementor-element-57592cde elementor-section-boxed elementor-section-height-default elementor-section-height-default\" data-id=\"57592cde\" data-element_type=\"section\">\n\t\t\t\t\t\t<div class=\"elementor-container elementor-column-gap-default\">\n\t\t\t\t\t<div class=\"elementor-column elementor-col-100 elementor-top-column elementor-element elementor-element-6266020b\" data-id=\"6266020b\" data-element_type=\"column\">\n\t\t\t<div class=\"elementor-widget-wrap elementor-element-populated\">\n\t\t\t\t\t\t<div class=\"elementor-element elementor-element-8c9fac2 elementor-widget elementor-widget-text-editor\" data-id=\"8c9fac2\" data-element_type=\"widget\" data-widget_type=\"text-editor.default\">\n\t\t\t\t<div class=\"elementor-widget-container\">\n\t\t\t\t\t\t\t\t\t<p>Utilitzem cookies pr\u00f2pies i de tercers per millorar els nostres serveis i mostrar publicitat<br \/>\nrelacionada amb les seves prefer\u00e8ncies mitjan\u00e7ant l&#8217;an\u00e0lisi dels seus h\u00e0bits de navegaci\u00f3. si continua<br \/>\nnavegant, considerem que accepta el seu \u00fas.<\/p>\n\t\t\t\t\t\t\t\t<\/div>\n\t\t\t\t<\/div>\n\t\t\t\t\t<\/div>\n\t\t<\/div>\n\t\t\t\t\t<\/div>\n\t\t<\/section>\n\t\t\t\t<\/div>\n\t\t","protected":false},"excerpt":{"rendered":"<p>Utilitzem cookies pr\u00f2pies i de tercers per millorar els nostres serveis i mostrar publicitat relacionada amb les seves prefer\u00e8ncies mitjan\u00e7ant l&#8217;an\u00e0lisi dels seus h\u00e0bits de navegaci\u00f3. si continua navegant, considerem que accepta el seu \u00fas.<\/p>\n","protected":false},"author":2,"featured_media":0,"parent":0,"menu_order":0,"comment_status":"closed","ping_status":"closed","template":"","meta":{"_joinchat":[],"footnotes":""},"class_list":["post-1941","page","type-page","status-publish","hentry"],"_links":{"self":[{"href":"https:\/\/misterscooter.eu\/ca\/wp-json\/wp\/v2\/pages\/1941","targetHints":{"allow":["GET"]}}],"collection":[{"href":"https:\/\/misterscooter.eu\/ca\/wp-json\/wp\/v2\/pages"}],"about":[{"href":"https:\/\/misterscooter.eu\/ca\/wp-json\/wp\/v2\/types\/page"}],"author":[{"embeddable":true,"href":"https:\/\/misterscooter.eu\/ca\/wp-json\/wp\/v2\/users\/2"}],"replies":[{"embeddable":true,"href":"https:\/\/misterscooter.eu\/ca\/wp-json\/wp\/v2\/comments?post=1941"}],"version-history":[{"count":1,"href":"https:\/\/misterscooter.eu\/ca\/wp-json\/wp\/v2\/pages\/1941\/revisions"}],"predecessor-version":[{"id":1942,"href":"https:\/\/misterscooter.eu\/ca\/wp-json\/wp\/v2\/pages\/1941\/revisions\/1942"}],"wp:attachment":[{"href":"https:\/\/misterscooter.eu\/ca\/wp-json\/wp\/v2\/media?parent=1941"}],"curies":[{"name":"wp","href":"https:\/\/api.w.org\/{rel}","templated":true}]}}