{"id":1937,"date":"2021-01-22T17:13:36","date_gmt":"2021-01-22T17:13:36","guid":{"rendered":"https:\/\/misterscooter.eu\/lloguer-de-motos-a-mallorca\/"},"modified":"2023-08-01T07:24:49","modified_gmt":"2023-08-01T07:24:49","slug":"lloguer-de-motos-a-mallorca","status":"publish","type":"page","link":"https:\/\/misterscooter.eu\/ca\/lloguer-de-motos-a-mallorca\/","title":{"rendered":"Lloguer de scooter Mallorca"},"content":{"rendered":"\t\t<div data-elementor-type=\"wp-page\" data-elementor-id=\"1937\" class=\"elementor elementor-1937 elementor-132\">\n\t\t\t\t\t\t<section class=\"elementor-section elementor-top-section elementor-element elementor-element-35e17da elementor-section-height-min-height elementor-section-stretched elementor-section-boxed elementor-section-height-default elementor-section-items-middle\" data-id=\"35e17da\" data-element_type=\"section\" data-settings=\"{&quot;stretch_section&quot;:&quot;section-stretched&quot;,&quot;background_background&quot;:&quot;classic&quot;}\">\n\t\t\t\t\t\t\t<div class=\"elementor-background-overlay\"><\/div>\n\t\t\t\t\t\t\t<div class=\"elementor-container elementor-column-gap-default\">\n\t\t\t\t\t<div class=\"elementor-column elementor-col-100 elementor-top-column elementor-element elementor-element-26e5483\" data-id=\"26e5483\" data-element_type=\"column\">\n\t\t\t<div class=\"elementor-widget-wrap elementor-element-populated\">\n\t\t\t\t\t\t<div class=\"elementor-element elementor-element-c18cdb9 elementor-widget elementor-widget-heading\" data-id=\"c18cdb9\" data-element_type=\"widget\" data-widget_type=\"heading.default\">\n\t\t\t\t<div class=\"elementor-widget-container\">\n\t\t\t\t\t<h1 class=\"elementor-heading-title elementor-size-default\">Lliurament moto a domicili<\/h1>\t\t\t\t<\/div>\n\t\t\t\t<\/div>\n\t\t\t\t<div class=\"elementor-element elementor-element-7bc56a0 elementor-widget-divider--view-line elementor-widget elementor-widget-divider\" data-id=\"7bc56a0\" data-element_type=\"widget\" data-widget_type=\"divider.default\">\n\t\t\t\t<div class=\"elementor-widget-container\">\n\t\t\t\t\t\t\t<div class=\"elementor-divider\">\n\t\t\t<span class=\"elementor-divider-separator\">\n\t\t\t\t\t\t<\/span>\n\t\t<\/div>\n\t\t\t\t\t\t<\/div>\n\t\t\t\t<\/div>\n\t\t\t\t\t<\/div>\n\t\t<\/div>\n\t\t\t\t\t<\/div>\n\t\t<\/section>\n\t\t\t\t<section class=\"elementor-section elementor-top-section elementor-element elementor-element-81579b7 elementor-section-stretched elementor-section-boxed elementor-section-height-default elementor-section-height-default\" data-id=\"81579b7\" data-element_type=\"section\" data-settings=\"{&quot;stretch_section&quot;:&quot;section-stretched&quot;}\">\n\t\t\t\t\t\t<div class=\"elementor-container elementor-column-gap-default\">\n\t\t\t\t\t<div class=\"elementor-column elementor-col-100 elementor-top-column elementor-element elementor-element-066e70d\" data-id=\"066e70d\" data-element_type=\"column\">\n\t\t\t<div class=\"elementor-widget-wrap elementor-element-populated\">\n\t\t\t\t\t\t<section class=\"elementor-section elementor-inner-section elementor-element elementor-element-c154922 elementor-section-boxed elementor-section-height-default elementor-section-height-default elementor-invisible\" data-id=\"c154922\" data-element_type=\"section\" data-settings=\"{&quot;animation&quot;:&quot;zoomIn&quot;}\">\n\t\t\t\t\t\t<div class=\"elementor-container elementor-column-gap-default\">\n\t\t\t\t\t<div class=\"elementor-column elementor-col-25 elementor-inner-column elementor-element elementor-element-455f7c2\" data-id=\"455f7c2\" data-element_type=\"column\" data-settings=\"{&quot;background_background&quot;:&quot;classic&quot;}\">\n\t\t\t<div class=\"elementor-widget-wrap elementor-element-populated\">\n\t\t\t\t\t\t<div class=\"elementor-element elementor-element-5fe869b elementor-widget elementor-widget-heading\" data-id=\"5fe869b\" data-element_type=\"widget\" data-widget_type=\"heading.default\">\n\t\t\t\t<div class=\"elementor-widget-container\">\n\t\t\t\t\t<h2 class=\"elementor-heading-title elementor-size-default\">Lliurament moto a domicili<\/h2>\t\t\t\t<\/div>\n\t\t\t\t<\/div>\n\t\t\t\t<div class=\"elementor-element elementor-element-41fd112 elementor-widget elementor-widget-text-editor\" data-id=\"41fd112\" data-element_type=\"widget\" data-widget_type=\"text-editor.default\">\n\t\t\t\t<div class=\"elementor-widget-container\">\n\t\t\t\t\t\t\t\t\t<p>Un servei excel\u00b7lent per gaudir de les teves vacances a Mallorca!<\/p>\n<p>Viatges a Mallorca arribes tard i aquestes amb moltes maletes, a Mister Scooter oferim un servei de lliurament de la teva moto a la porta del teu hotel, domicili, port o aeroport.<\/p>\n<p>Llogar una moto a Palma de Mallorca amb Mister Scooter l&#8217;empresa amb m\u00e9s avantatges i amb les millors tarifes reserves<\/p>\n<p>des de\u00a0 <span style=\"text-decoration: underline;\"><span style=\"color: #ffffff;\"><a style=\"color: #ffffff; text-decoration: underline;\" href=\"https:\/\/misterscooter.eu\/ca\/\">nostra web de reservas<\/a><\/span><\/span><\/p>\n\t\t\t\t\t\t\t\t<\/div>\n\t\t\t\t<\/div>\n\t\t\t\t\t<\/div>\n\t\t<\/div>\n\t\t\t\t<div class=\"elementor-column elementor-col-25 elementor-inner-column elementor-element elementor-element-812fb64\" data-id=\"812fb64\" data-element_type=\"column\" data-settings=\"{&quot;background_background&quot;:&quot;classic&quot;}\">\n\t\t\t<div class=\"elementor-widget-wrap elementor-element-populated\">\n\t\t\t\t\t\t<div class=\"elementor-element elementor-element-a647af6 elementor-widget elementor-widget-heading\" data-id=\"a647af6\" data-element_type=\"widget\" data-widget_type=\"heading.default\">\n\t\t\t\t<div class=\"elementor-widget-container\">\n\t\t\t\t\t<h2 class=\"elementor-heading-title elementor-size-default\">\u00c0 domicili. Hoteles. Aeroport. Port mar\u00edtim<\/h2>\t\t\t\t<\/div>\n\t\t\t\t<\/div>\n\t\t\t\t<div class=\"elementor-element elementor-element-421973e elementor-widget elementor-widget-text-editor\" data-id=\"421973e\" data-element_type=\"widget\" data-widget_type=\"text-editor.default\">\n\t\t\t\t<div class=\"elementor-widget-container\">\n\t\t\t\t\t\t\t\t\t<p>Lugares de entrega todo el a\u00f1o:<\/p>\n<ul>\n<li>Aeropuerto<\/li>\n<li>Puerto de Palma<\/li>\n<li>Hoteles<\/li>\n<li>A domicilio<\/li>\n<li>Palma de Mallorca<\/li>\n<li>llucmajor<\/li>\n<li>El Arenal, can pastilla..<\/li>\n<li>Palmanova, Magaluf<\/li>\n<li>Santa ponsa, Paguera<\/li>\n<li>Port Andratx&#8230;<\/li>\n<\/ul>\n<p>Des del nostre m\u00f2dul de reserves trobareu tots els serveis com el trasllat gratu\u00eft fins al nostre <span style=\"text-decoration: underline;\"><span style=\"color: #ffffff; text-decoration: underline;\"><a style=\"color: #ffffff; text-decoration: underline;\" href=\"https:\/\/www.google.es\/maps\/place\/Mister+scooter.+Alquiler+de+Motos+en+Mallorca\/@39.5713109,2.6721841,15z\/data=!4m5!3m4!1s0x0:0xe61a3903505e149!8m2!3d39.5713109!4d2.6721841\" target=\"_blank\" rel=\"noopener\">oficini prop al aeroport<\/a><\/span><\/span>, com el lliurament de la moto al \u00a0<span style=\"text-decoration: underline;\"><span style=\"color: #ffffff; text-decoration: underline;\"><a style=\"color: #ffffff; text-decoration: underline;\" href=\"https:\/\/www.google.com\/maps\/place\/Mister+Scooter+Alquiler+Motos+Aeropuerto+Mallorca\/@39.5462313,2.7264729,17z\/data=!3m1!4b1!4m5!3m4!1s0x0:0xabb51ab00cbcbe1b!8m2!3d39.5462313!4d2.7286616?hl=es\" target=\"_blank\" rel=\"noopener\">ael lliurament de la moto al aeroport de Son Sant Joan<\/a><\/span><\/span>.<\/p>\n\t\t\t\t\t\t\t\t<\/div>\n\t\t\t\t<\/div>\n\t\t\t\t\t<\/div>\n\t\t<\/div>\n\t\t\t\t<div class=\"elementor-column elementor-col-25 elementor-inner-column elementor-element elementor-element-f0f6ef1\" data-id=\"f0f6ef1\" data-element_type=\"column\" data-settings=\"{&quot;background_background&quot;:&quot;classic&quot;}\">\n\t\t\t<div class=\"elementor-widget-wrap elementor-element-populated\">\n\t\t\t\t\t\t<div class=\"elementor-element elementor-element-b3c3ca1 elementor-widget elementor-widget-heading\" data-id=\"b3c3ca1\" data-element_type=\"widget\" data-widget_type=\"heading.default\">\n\t\t\t\t<div class=\"elementor-widget-container\">\n\t\t\t\t\t<h2 class=\"elementor-heading-title elementor-size-default\">Com sol\u00b7licitar el lliurament de scooter?<\/h2>\t\t\t\t<\/div>\n\t\t\t\t<\/div>\n\t\t\t\t<div class=\"elementor-element elementor-element-8ce26b0 elementor-widget elementor-widget-text-editor\" data-id=\"8ce26b0\" data-element_type=\"widget\" data-widget_type=\"text-editor.default\">\n\t\t\t\t<div class=\"elementor-widget-container\">\n\t\t\t\t\t\t\t\t\t<p>Lliurament de scooters a domicili, aeroport, port oa l&#8217;hotel a petici\u00f3 del client.<\/p>\n<p>Des del formulari de reserves informeu-nos del lloc de lliurament indicant-nos el nom de l&#8217;hotel, carrer, codi postal, ciutat.<\/p>\n<p>Encara que els horaris d&#8217;oficina no coincideixin amb la vostra arribada o sortida no us preocupeu per l&#8217;entrega o la recuperaci\u00f3, rebreu la vostra moto de lloguer el dia de la vostra arribada.<\/p>\n\t\t\t\t\t\t\t\t<\/div>\n\t\t\t\t<\/div>\n\t\t\t\t\t<\/div>\n\t\t<\/div>\n\t\t\t\t<div class=\"elementor-column elementor-col-25 elementor-inner-column elementor-element elementor-element-d1085c2\" data-id=\"d1085c2\" data-element_type=\"column\" data-settings=\"{&quot;background_background&quot;:&quot;classic&quot;}\">\n\t\t\t<div class=\"elementor-widget-wrap elementor-element-populated\">\n\t\t\t\t\t\t<div class=\"elementor-element elementor-element-c2822b2 elementor-widget elementor-widget-heading\" data-id=\"c2822b2\" data-element_type=\"widget\" data-widget_type=\"heading.default\">\n\t\t\t\t<div class=\"elementor-widget-container\">\n\t\t\t\t\t<h2 class=\"elementor-heading-title elementor-size-default\">Oficini de Mister Scooter<\/h2>\t\t\t\t<\/div>\n\t\t\t\t<\/div>\n\t\t\t\t<div class=\"elementor-element elementor-element-41eb3c7 elementor-widget elementor-widget-text-editor\" data-id=\"41eb3c7\" data-element_type=\"widget\" data-widget_type=\"text-editor.default\">\n\t\t\t\t<div class=\"elementor-widget-container\">\n\t\t\t\t\t\t\t\t\t<p>M\u00edster Scooter t\u00e9 2 botigues a Palma de Mallorca, l&#8217;oficina propera a l&#8217;aeroport en <span style=\"text-decoration: underline;\"><span style=\"color: #ffffff; text-decoration: underline;\"><a style=\"color: #ffffff; text-decoration: underline;\" href=\"https:\/\/www.google.es\/maps\/place\/Mister+scooter.+Alquiler+de+Motos+en+Mallorca\/@39.5713109,2.6721841,15z\/data=!4m5!3m4!1s0x0:0xe61a3903505e149!8m2!3d39.5713109!4d2.6721841\" target=\"_blank\" rel=\"noopener\">calle de Manacor 123, Palma<\/a><\/span><\/span>, per poder traslladar amb rapidesa a tots els clients que van sol\u00b7licitar el trasllat gratu\u00eft des de l&#8217;aeroport amb un trajecte de nom\u00e9s 8 minuts.<\/p>\n<p>Al centre ens trobar\u00e0\u00a0en <span style=\"text-decoration: underline;\"><span style=\"color: #ffffff; text-decoration: underline;\"><a style=\"color: #ffffff; text-decoration: underline;\" href=\"https:\/\/www.google.es\/maps\/place\/Mister+Scooter+(Plaza+Espa%C3%B1a)+Alquiler+motos+Mallorca\/@39.5779607,2.652169,15z\/data=!4m5!3m4!1s0x0:0x15bd3989a5badea2!8m2!3d39.5779607!4d2.652169\" target=\"_blank\" rel=\"noopener\">carrer del 31 de dessembre 3, Palma<\/a><\/span><\/span>. Oficina propera a totes les l\u00ednies d&#8217;autobusos incl\u00f2s la m\u00e9s important\u00a0la l\u00ednia A1\u00a0directe aeroport a escassos metres de l&#8217;estaci\u00f3 de trens intermodal, el ferrocarril de S\u00f3ller, tots els autobusos de l\u00ednia i els autocars de llarg recorregut.<\/p>\n\t\t\t\t\t\t\t\t<\/div>\n\t\t\t\t<\/div>\n\t\t\t\t\t<\/div>\n\t\t<\/div>\n\t\t\t\t\t<\/div>\n\t\t<\/section>\n\t\t\t\t\t<\/div>\n\t\t<\/div>\n\t\t\t\t\t<\/div>\n\t\t<\/section>\n\t\t\t\t<section class=\"elementor-section elementor-top-section elementor-element elementor-element-44383cf elementor-section-height-min-height elementor-section-stretched elementor-section-boxed elementor-section-height-default elementor-section-items-middle\" data-id=\"44383cf\" data-element_type=\"section\" data-settings=\"{&quot;stretch_section&quot;:&quot;section-stretched&quot;,&quot;background_background&quot;:&quot;classic&quot;}\">\n\t\t\t\t\t\t\t<div class=\"elementor-background-overlay\"><\/div>\n\t\t\t\t\t\t\t<div class=\"elementor-container elementor-column-gap-default\">\n\t\t\t\t\t<div class=\"elementor-column elementor-col-100 elementor-top-column elementor-element elementor-element-c22073d\" data-id=\"c22073d\" data-element_type=\"column\">\n\t\t\t<div class=\"elementor-widget-wrap elementor-element-populated\">\n\t\t\t\t\t\t<div class=\"elementor-element elementor-element-f71852b elementor-widget elementor-widget-text-editor\" data-id=\"f71852b\" data-element_type=\"widget\" data-widget_type=\"text-editor.default\">\n\t\t\t\t<div class=\"elementor-widget-container\">\n\t\t\t\t\t\t\t\t\t<p>A M\u00edster Scooter estem sempre a l&#8217;escolta dels nostres clients i volem que vost\u00e8s se sentin c\u00f2modes durant les vacances a Mallorca<\/p>\n\t\t\t\t\t\t\t\t<\/div>\n\t\t\t\t<\/div>\n\t\t\t\t\t<\/div>\n\t\t<\/div>\n\t\t\t\t\t<\/div>\n\t\t<\/section>\n\t\t\t\t<section class=\"elementor-section elementor-top-section elementor-element elementor-element-8eeb3b5 elementor-section-boxed elementor-section-height-default elementor-section-height-default\" data-id=\"8eeb3b5\" data-element_type=\"section\">\n\t\t\t\t\t\t<div class=\"elementor-container elementor-column-gap-default\">\n\t\t\t\t\t<div class=\"elementor-column elementor-col-100 elementor-top-column elementor-element elementor-element-14b5b95\" data-id=\"14b5b95\" data-element_type=\"column\">\n\t\t\t<div class=\"elementor-widget-wrap elementor-element-populated\">\n\t\t\t\t\t\t<div class=\"elementor-element elementor-element-1b4a737 elementor-widget elementor-widget-video\" data-id=\"1b4a737\" data-element_type=\"widget\" data-settings=\"{&quot;youtube_url&quot;:&quot;https:\\\/\\\/youtu.be\\\/8cTSOCQYosY&quot;,&quot;video_type&quot;:&quot;youtube&quot;,&quot;controls&quot;:&quot;yes&quot;}\" data-widget_type=\"video.default\">\n\t\t\t\t<div class=\"elementor-widget-container\">\n\t\t\t\t\t\t\t<div class=\"elementor-wrapper elementor-open-inline\">\n\t\t\t<div class=\"elementor-video\"><\/div>\t\t<\/div>\n\t\t\t\t\t\t<\/div>\n\t\t\t\t<\/div>\n\t\t\t\t\t<\/div>\n\t\t<\/div>\n\t\t\t\t\t<\/div>\n\t\t<\/section>\n\t\t\t\t<\/div>\n\t\t","protected":false},"excerpt":{"rendered":"<p>Lliurament moto a domicili Lliurament moto a domicili Un servei excel\u00b7lent per gaudir de les teves vacances a Mallorca! Viatges a Mallorca arribes tard i aquestes amb moltes maletes, a Mister Scooter oferim un servei de lliurament de la teva moto a la porta del teu hotel, domicili, port o aeroport. Llogar una moto a<\/p>\n","protected":false},"author":1,"featured_media":0,"parent":0,"menu_order":0,"comment_status":"closed","ping_status":"closed","template":"mybooking-parts\/mybooking-empty.php","meta":{"_joinchat":[],"footnotes":""},"class_list":["post-1937","page","type-page","status-publish","hentry"],"_links":{"self":[{"href":"https:\/\/misterscooter.eu\/ca\/wp-json\/wp\/v2\/pages\/1937","targetHints":{"allow":["GET"]}}],"collection":[{"href":"https:\/\/misterscooter.eu\/ca\/wp-json\/wp\/v2\/pages"}],"about":[{"href":"https:\/\/misterscooter.eu\/ca\/wp-json\/wp\/v2\/types\/page"}],"author":[{"embeddable":true,"href":"https:\/\/misterscooter.eu\/ca\/wp-json\/wp\/v2\/users\/1"}],"replies":[{"embeddable":true,"href":"https:\/\/misterscooter.eu\/ca\/wp-json\/wp\/v2\/comments?post=1937"}],"version-history":[{"count":10,"href":"https:\/\/misterscooter.eu\/ca\/wp-json\/wp\/v2\/pages\/1937\/revisions"}],"predecessor-version":[{"id":6768,"href":"https:\/\/misterscooter.eu\/ca\/wp-json\/wp\/v2\/pages\/1937\/revisions\/6768"}],"wp:attachment":[{"href":"https:\/\/misterscooter.eu\/ca\/wp-json\/wp\/v2\/media?parent=1937"}],"curies":[{"name":"wp","href":"https:\/\/api.w.org\/{rel}","templated":true}]}}