{"id":1924,"date":"2021-01-22T16:59:57","date_gmt":"2021-01-22T16:59:57","guid":{"rendered":"https:\/\/misterscooter.eu\/lloguer-de-motos-aeroport-de-mallorca\/"},"modified":"2023-08-01T07:24:44","modified_gmt":"2023-08-01T07:24:44","slug":"lloguer-de-motos-aeroport-de-mallorca","status":"publish","type":"page","link":"https:\/\/misterscooter.eu\/ca\/lloguer-de-motos-aeroport-de-mallorca\/","title":{"rendered":"Lloguer de motos aeroport de Mallorca"},"content":{"rendered":"\t\t<div data-elementor-type=\"wp-page\" data-elementor-id=\"1924\" class=\"elementor elementor-1924 elementor-102\">\n\t\t\t\t\t\t<section class=\"elementor-section elementor-top-section elementor-element elementor-element-f8acf97 elementor-section-height-min-height elementor-section-stretched elementor-section-boxed elementor-section-height-default elementor-section-items-middle\" data-id=\"f8acf97\" data-element_type=\"section\" data-settings=\"{&quot;stretch_section&quot;:&quot;section-stretched&quot;,&quot;background_background&quot;:&quot;classic&quot;}\">\n\t\t\t\t\t\t\t<div class=\"elementor-background-overlay\"><\/div>\n\t\t\t\t\t\t\t<div class=\"elementor-container elementor-column-gap-default\">\n\t\t\t\t\t<div class=\"elementor-column elementor-col-100 elementor-top-column elementor-element elementor-element-3c29904\" data-id=\"3c29904\" data-element_type=\"column\">\n\t\t\t<div class=\"elementor-widget-wrap elementor-element-populated\">\n\t\t\t\t\t\t<div class=\"elementor-element elementor-element-021fa6f elementor-widget elementor-widget-heading\" data-id=\"021fa6f\" data-element_type=\"widget\" data-widget_type=\"heading.default\">\n\t\t\t\t<div class=\"elementor-widget-container\">\n\t\t\t\t\t<h1 class=\"elementor-heading-title elementor-size-default\">LLoguer de motos aeroport de Mallorca<\/h1>\t\t\t\t<\/div>\n\t\t\t\t<\/div>\n\t\t\t\t<div class=\"elementor-element elementor-element-a42a504 elementor-widget-divider--view-line elementor-widget elementor-widget-divider\" data-id=\"a42a504\" data-element_type=\"widget\" data-widget_type=\"divider.default\">\n\t\t\t\t<div class=\"elementor-widget-container\">\n\t\t\t\t\t\t\t<div class=\"elementor-divider\">\n\t\t\t<span class=\"elementor-divider-separator\">\n\t\t\t\t\t\t<\/span>\n\t\t<\/div>\n\t\t\t\t\t\t<\/div>\n\t\t\t\t<\/div>\n\t\t\t\t<div class=\"elementor-element elementor-element-1db6c85 elementor-widget elementor-widget-text-editor\" data-id=\"1db6c85\" data-element_type=\"widget\" data-widget_type=\"text-editor.default\">\n\t\t\t\t<div class=\"elementor-widget-container\">\n\t\t\t\t\t\t\t\t\t<p>Recull el teu scooter o moto a l&#8217;aeroport de Palma de Mallorca 24h\/7 dies<\/p>\n\t\t\t\t\t\t\t\t<\/div>\n\t\t\t\t<\/div>\n\t\t\t\t\t<\/div>\n\t\t<\/div>\n\t\t\t\t\t<\/div>\n\t\t<\/section>\n\t\t\t\t<section class=\"elementor-section elementor-top-section elementor-element elementor-element-9bcb387 elementor-section-stretched elementor-section-boxed elementor-section-height-default elementor-section-height-default elementor-invisible\" data-id=\"9bcb387\" data-element_type=\"section\" data-settings=\"{&quot;stretch_section&quot;:&quot;section-stretched&quot;,&quot;animation&quot;:&quot;zoomIn&quot;}\">\n\t\t\t\t\t\t<div class=\"elementor-container elementor-column-gap-default\">\n\t\t\t\t\t<div class=\"elementor-column elementor-col-100 elementor-top-column elementor-element elementor-element-9634e0d\" data-id=\"9634e0d\" data-element_type=\"column\">\n\t\t\t<div class=\"elementor-widget-wrap elementor-element-populated\">\n\t\t\t\t\t\t<section class=\"elementor-section elementor-inner-section elementor-element elementor-element-35b152f elementor-section-boxed elementor-section-height-default elementor-section-height-default elementor-invisible\" data-id=\"35b152f\" data-element_type=\"section\" data-settings=\"{&quot;animation&quot;:&quot;zoomIn&quot;}\">\n\t\t\t\t\t\t<div class=\"elementor-container elementor-column-gap-default\">\n\t\t\t\t\t<div class=\"elementor-column elementor-col-33 elementor-inner-column elementor-element elementor-element-2b10672\" data-id=\"2b10672\" data-element_type=\"column\" data-settings=\"{&quot;background_background&quot;:&quot;classic&quot;}\">\n\t\t\t<div class=\"elementor-widget-wrap elementor-element-populated\">\n\t\t\t\t\t\t<div class=\"elementor-element elementor-element-5c8760a elementor-widget elementor-widget-heading\" data-id=\"5c8760a\" data-element_type=\"widget\" data-widget_type=\"heading.default\">\n\t\t\t\t<div class=\"elementor-widget-container\">\n\t\t\t\t\t<h2 class=\"elementor-heading-title elementor-size-default\">Lloguer de motos aeroport de Mallorca<\/h2>\t\t\t\t<\/div>\n\t\t\t\t<\/div>\n\t\t\t\t<div class=\"elementor-element elementor-element-dca62fb elementor-widget elementor-widget-text-editor\" data-id=\"dca62fb\" data-element_type=\"widget\" data-widget_type=\"text-editor.default\">\n\t\t\t\t<div class=\"elementor-widget-container\">\n\t\t\t\t\t\t\t\t\t<p>Servei de lliurament\/devoluci\u00f3 de motos i scooters a l&#8217;ae<\/p>\n<p><span style=\"text-decoration: underline;\"><span style=\"color: #ffffff; text-decoration: underline;\"><a style=\"color: #ffffff; text-decoration: underline;\" href=\"https:\/\/www.google.com\/maps\/place\/Mister+Scooter.+Alquiler+motos+aeropuerto+Mallorca\/@39.5462313,2.7264729,17z\/data=!3m1!4b1!4m5!3m4!1s0x0:0xabb51ab00cbcbe1b!8m2!3d39.5462313!4d2.7286616?hl=es\" target=\"_blank\" rel=\"noopener\">roport de Palma de Mallorca<\/a><\/span><\/span> . Una opci\u00f3 sense igual 24\/7. Si arribeu tard o fora d&#8217;horaris reserveu la vostra moto en l\u00ednia ia la part comentaris informeu-nos de la data i horari d&#8217;arribada per poder lliurar-vos la moto a l&#8217;aeroport.<\/p>\n\t\t\t\t\t\t\t\t<\/div>\n\t\t\t\t<\/div>\n\t\t\t\t\t<\/div>\n\t\t<\/div>\n\t\t\t\t<div class=\"elementor-column elementor-col-33 elementor-inner-column elementor-element elementor-element-e854f7b\" data-id=\"e854f7b\" data-element_type=\"column\" data-settings=\"{&quot;background_background&quot;:&quot;classic&quot;}\">\n\t\t\t<div class=\"elementor-widget-wrap elementor-element-populated\">\n\t\t\t\t\t\t<div class=\"elementor-element elementor-element-eb0049a elementor-widget elementor-widget-heading\" data-id=\"eb0049a\" data-element_type=\"widget\" data-widget_type=\"heading.default\">\n\t\t\t\t<div class=\"elementor-widget-container\">\n\t\t\t\t\t<h2 class=\"elementor-heading-title elementor-size-default\">Com se sol\u00b7licita?<\/h2>\t\t\t\t<\/div>\n\t\t\t\t<\/div>\n\t\t\t\t<div class=\"elementor-element elementor-element-e7f0d3a elementor-widget elementor-widget-text-editor\" data-id=\"e7f0d3a\" data-element_type=\"widget\" data-widget_type=\"text-editor.default\">\n\t\t\t\t<div class=\"elementor-widget-container\">\n\t\t\t\t\t\t\t\t\t<p>Des del formulari de reserves triar \u201cLliurament moto aeroport\u201d i l&#8217;horari, si arribeu fora de l&#8217;horari, a l&#8217;apartat \u201ccomentaris\u201d indiqueu-nos horari d&#8217;arribada.<\/p>\n<p>En reservar el scooter ens heu d&#8217;enviar tota la documentaci\u00f3 necess\u00e0ria, i us facilitarem tota la informaci\u00f3 per recuperar la vostra moto directament a l&#8217;aeroport amb tots els accessoris i les claus.<\/p>\n\t\t\t\t\t\t\t\t<\/div>\n\t\t\t\t<\/div>\n\t\t\t\t\t<\/div>\n\t\t<\/div>\n\t\t\t\t<div class=\"elementor-column elementor-col-33 elementor-inner-column elementor-element elementor-element-eb35536\" data-id=\"eb35536\" data-element_type=\"column\" data-settings=\"{&quot;background_background&quot;:&quot;classic&quot;}\">\n\t\t\t<div class=\"elementor-widget-wrap elementor-element-populated\">\n\t\t\t\t\t\t<div class=\"elementor-element elementor-element-fae8826 elementor-widget elementor-widget-heading\" data-id=\"fae8826\" data-element_type=\"widget\" data-widget_type=\"heading.default\">\n\t\t\t\t<div class=\"elementor-widget-container\">\n\t\t\t\t\t<h2 class=\"elementor-heading-title elementor-size-default\">Scooters i motos 125cc, 300cc, 500cc, 650cc..<\/h2>\t\t\t\t<\/div>\n\t\t\t\t<\/div>\n\t\t\t\t<div class=\"elementor-element elementor-element-c2daf2d elementor-widget elementor-widget-text-editor\" data-id=\"c2daf2d\" data-element_type=\"widget\" data-widget_type=\"text-editor.default\">\n\t\t\t\t<div class=\"elementor-widget-container\">\n\t\t\t\t\t\t\t\t\t<p>En baixar de l&#8217;avi\u00f3 podreu recollir l&#8217;esc\u00fater o la moto a l&#8217;aeroport. En rebre la documentaci\u00f3 del conductor i confirmaci\u00f3 de la reserva per part de la nostra empresa us enviarem la ubicaci\u00f3 de l&#8217;aparcament i les instruccions.<\/p>\n\t\t\t\t\t\t\t\t<\/div>\n\t\t\t\t<\/div>\n\t\t\t\t\t<\/div>\n\t\t<\/div>\n\t\t\t\t\t<\/div>\n\t\t<\/section>\n\t\t\t\t<div class=\"elementor-element elementor-element-1b3e5e9 elementor-widget elementor-widget-heading\" data-id=\"1b3e5e9\" data-element_type=\"widget\" data-widget_type=\"heading.default\">\n\t\t\t\t<div class=\"elementor-widget-container\">\n\t\t\t\t\t<h3 class=\"elementor-heading-title elementor-size-default\">Trasllat gratu\u00eft des de l\u00b4aeroport<\/h3>\t\t\t\t<\/div>\n\t\t\t\t<\/div>\n\t\t\t\t<div class=\"elementor-element elementor-element-c2764a4 elementor-widget elementor-widget-text-editor\" data-id=\"c2764a4\" data-element_type=\"widget\" data-widget_type=\"text-editor.default\">\n\t\t\t\t<div class=\"elementor-widget-container\">\n\t\t\t\t\t\t\t\t\t<p>Un cop arribat al punt de trobada trucar-nos per enviar-li el vehicle. Mira el v\u00eddeo avall per saber on trobar-nos.<\/p>\n\t\t\t\t\t\t\t\t<\/div>\n\t\t\t\t<\/div>\n\t\t\t\t<section class=\"elementor-section elementor-inner-section elementor-element elementor-element-e47dfb4 elementor-section-boxed elementor-section-height-default elementor-section-height-default elementor-invisible\" data-id=\"e47dfb4\" data-element_type=\"section\" data-settings=\"{&quot;animation&quot;:&quot;zoomIn&quot;}\">\n\t\t\t\t\t\t<div class=\"elementor-container elementor-column-gap-default\">\n\t\t\t\t\t<div class=\"elementor-column elementor-col-33 elementor-inner-column elementor-element elementor-element-452e99e\" data-id=\"452e99e\" data-element_type=\"column\" data-settings=\"{&quot;background_background&quot;:&quot;classic&quot;}\">\n\t\t\t<div class=\"elementor-widget-wrap elementor-element-populated\">\n\t\t\t\t\t\t<div class=\"elementor-element elementor-element-4466dc9 elementor-widget elementor-widget-heading\" data-id=\"4466dc9\" data-element_type=\"widget\" data-widget_type=\"heading.default\">\n\t\t\t\t<div class=\"elementor-widget-container\">\n\t\t\t\t\t<h2 class=\"elementor-heading-title elementor-size-default\">Trasllat gratu\u00eftCom se sol\u00b7licita?<\/h2>\t\t\t\t<\/div>\n\t\t\t\t<\/div>\n\t\t\t\t<div class=\"elementor-element elementor-element-13dbca1 elementor-widget elementor-widget-text-editor\" data-id=\"13dbca1\" data-element_type=\"widget\" data-widget_type=\"text-editor.default\">\n\t\t\t\t<div class=\"elementor-widget-container\">\n\t\t\t\t\t\t\t\t\t<p>A la vostra arribada a l&#8217;aeroport Des de\u00a0el <span style=\"text-decoration: underline;\"><span style=\"color: #ffffff; text-decoration: underline;\"><a style=\"color: #ffffff; text-decoration: underline;\" href=\"https:\/\/misterscooter.eu\/ca\/\">formulari de reservas<\/a><\/span><\/span> podran sol\u00b7licitar el trasllat client fins a les nostres oficines. \u00e9s un servei gratu\u00eft. Durada del trajecte en nom\u00e9s 8 minuts.<\/p>\n\t\t\t\t\t\t\t\t<\/div>\n\t\t\t\t<\/div>\n\t\t\t\t\t<\/div>\n\t\t<\/div>\n\t\t\t\t<div class=\"elementor-column elementor-col-33 elementor-inner-column elementor-element elementor-element-6d6cde7\" data-id=\"6d6cde7\" data-element_type=\"column\" data-settings=\"{&quot;background_background&quot;:&quot;classic&quot;}\">\n\t\t\t<div class=\"elementor-widget-wrap elementor-element-populated\">\n\t\t\t\t\t\t<div class=\"elementor-element elementor-element-8102474 elementor-widget elementor-widget-heading\" data-id=\"8102474\" data-element_type=\"widget\" data-widget_type=\"heading.default\">\n\t\t\t\t<div class=\"elementor-widget-container\">\n\t\t\t\t\t<h2 class=\"elementor-heading-title elementor-size-default\">Punt de trobada<\/h2>\t\t\t\t<\/div>\n\t\t\t\t<\/div>\n\t\t\t\t<div class=\"elementor-element elementor-element-d81cfe8 elementor-widget elementor-widget-text-editor\" data-id=\"d81cfe8\" data-element_type=\"widget\" data-widget_type=\"text-editor.default\">\n\t\t\t\t<div class=\"elementor-widget-container\">\n\t\t\t\t\t\t\t\t\t<p>Quan hagin recuperat les maletes sortir per la porta P04 fins a l&#8217;edifici del davant. Mireu\u00a0el <span style=\"text-decoration: underline;\"><span style=\"color: #ffffff; text-decoration: underline;\"><a style=\"color: #ffffff; text-decoration: underline;\" href=\"#mr-scooter-transfer-video-guide\">El video<\/a><\/span><\/span> , us mostrar\u00e0 el cam\u00ed per arribar cap al punt de trobada.<\/p>\n<p>Les motos surten de la nostra base \u00fanicament quan rebem l&#8217;av\u00eds vostre que estiguin al punt de trobada (+34) 697 40 23 52<\/p>\n\t\t\t\t\t\t\t\t<\/div>\n\t\t\t\t<\/div>\n\t\t\t\t\t<\/div>\n\t\t<\/div>\n\t\t\t\t<div class=\"elementor-column elementor-col-33 elementor-inner-column elementor-element elementor-element-02aeb9b\" data-id=\"02aeb9b\" data-element_type=\"column\" data-settings=\"{&quot;background_background&quot;:&quot;classic&quot;}\">\n\t\t\t<div class=\"elementor-widget-wrap elementor-element-populated\">\n\t\t\t\t\t\t<div class=\"elementor-element elementor-element-dff5bbd elementor-widget elementor-widget-heading\" data-id=\"dff5bbd\" data-element_type=\"widget\" data-widget_type=\"heading.default\">\n\t\t\t\t<div class=\"elementor-widget-container\">\n\t\t\t\t\t<h2 class=\"elementor-heading-title elementor-size-default\">Trasllat gratu\u00eft des de l\u00b4aeroport<\/h2>\t\t\t\t<\/div>\n\t\t\t\t<\/div>\n\t\t\t\t<div class=\"elementor-element elementor-element-444f495 elementor-widget elementor-widget-text-editor\" data-id=\"444f495\" data-element_type=\"widget\" data-widget_type=\"text-editor.default\">\n\t\t\t\t<div class=\"elementor-widget-container\">\n\t\t\t\t\t\t\t\t\t<p>Servei operatiu en horari laboral de dilluns a divendres de 09:30 a 18:30 hores i dissabtes de 09h30 a 13h30.<\/p>\n<p>La durada del trajecte des de l&#8217;aeroport fins a les nostres oficines ubicades en\u00a0<span style=\"text-decoration: underline;\"><span style=\"color: #ffffff; text-decoration: underline;\"><a style=\"color: #ffffff; text-decoration: underline;\" href=\"https:\/\/www.google.es\/maps\/place\/Mister+scooter.+Alquiler+moto+Mallorca\/@39.5713109,2.6721841,15z\/data=!4m5!3m4!1s0x0:0xe61a3903505e149!8m2!3d39.5713109!4d2.6721841\" target=\"_blank\" rel=\"noopener\">calle de Manacor, 123, 07007 Palma de Mallorca<\/a> <\/span><\/span>ser\u00e1 d&#8217;aproximadament uns 8 minuts.<\/p>\n\t\t\t\t\t\t\t\t<\/div>\n\t\t\t\t<\/div>\n\t\t\t\t\t<\/div>\n\t\t<\/div>\n\t\t\t\t\t<\/div>\n\t\t<\/section>\n\t\t\t\t\t<\/div>\n\t\t<\/div>\n\t\t\t\t\t<\/div>\n\t\t<\/section>\n\t\t\t\t<section class=\"elementor-section elementor-top-section elementor-element elementor-element-df5448a elementor-section-boxed elementor-section-height-default elementor-section-height-default\" data-id=\"df5448a\" data-element_type=\"section\">\n\t\t\t\t\t\t<div class=\"elementor-container elementor-column-gap-default\">\n\t\t\t\t\t<div class=\"elementor-column elementor-col-100 elementor-top-column elementor-element elementor-element-8cfa684\" data-id=\"8cfa684\" data-element_type=\"column\">\n\t\t\t<div class=\"elementor-widget-wrap elementor-element-populated\">\n\t\t\t\t\t\t<div class=\"elementor-element elementor-element-7abda5f elementor-widget elementor-widget-video\" data-id=\"7abda5f\" data-element_type=\"widget\" data-settings=\"{&quot;youtube_url&quot;:&quot;https:\\\/\\\/youtu.be\\\/8-i8q8N99hU&quot;,&quot;autoplay&quot;:&quot;yes&quot;,&quot;mute&quot;:&quot;yes&quot;,&quot;lazy_load&quot;:&quot;yes&quot;,&quot;video_type&quot;:&quot;youtube&quot;,&quot;controls&quot;:&quot;yes&quot;}\" data-widget_type=\"video.default\">\n\t\t\t\t<div class=\"elementor-widget-container\">\n\t\t\t\t\t\t\t<div class=\"elementor-wrapper elementor-open-inline\">\n\t\t\t<div class=\"elementor-video\"><\/div>\t\t<\/div>\n\t\t\t\t\t\t<\/div>\n\t\t\t\t<\/div>\n\t\t\t\t\t<\/div>\n\t\t<\/div>\n\t\t\t\t\t<\/div>\n\t\t<\/section>\n\t\t\t\t<\/div>\n\t\t","protected":false},"excerpt":{"rendered":"<p>LLoguer de motos aeroport de Mallorca Recull el teu scooter o moto a l&#8217;aeroport de Palma de Mallorca 24h\/7 dies Lloguer de motos aeroport de Mallorca Servei de lliurament\/devoluci\u00f3 de motos i scooters a l&#8217;ae roport de Palma de Mallorca . Una opci\u00f3 sense igual 24\/7. Si arribeu tard o fora d&#8217;horaris reserveu la vostra<\/p>\n","protected":false},"author":1,"featured_media":0,"parent":0,"menu_order":0,"comment_status":"closed","ping_status":"closed","template":"mybooking-parts\/mybooking-empty.php","meta":{"_joinchat":[],"footnotes":""},"class_list":["post-1924","page","type-page","status-publish","hentry"],"_links":{"self":[{"href":"https:\/\/misterscooter.eu\/ca\/wp-json\/wp\/v2\/pages\/1924","targetHints":{"allow":["GET"]}}],"collection":[{"href":"https:\/\/misterscooter.eu\/ca\/wp-json\/wp\/v2\/pages"}],"about":[{"href":"https:\/\/misterscooter.eu\/ca\/wp-json\/wp\/v2\/types\/page"}],"author":[{"embeddable":true,"href":"https:\/\/misterscooter.eu\/ca\/wp-json\/wp\/v2\/users\/1"}],"replies":[{"embeddable":true,"href":"https:\/\/misterscooter.eu\/ca\/wp-json\/wp\/v2\/comments?post=1924"}],"version-history":[{"count":37,"href":"https:\/\/misterscooter.eu\/ca\/wp-json\/wp\/v2\/pages\/1924\/revisions"}],"predecessor-version":[{"id":6760,"href":"https:\/\/misterscooter.eu\/ca\/wp-json\/wp\/v2\/pages\/1924\/revisions\/6760"}],"wp:attachment":[{"href":"https:\/\/misterscooter.eu\/ca\/wp-json\/wp\/v2\/media?parent=1924"}],"curies":[{"name":"wp","href":"https:\/\/api.w.org\/{rel}","templated":true}]}}